{"id":11651,"date":"2017-01-31T21:43:39","date_gmt":"2017-02-01T00:43:39","guid":{"rendered":"http:\/\/categero.org.br\/?page_id=11651"},"modified":"2017-02-05T18:54:33","modified_gmt":"2017-02-05T21:54:33","slug":"museu-de-arte-sacra-de-sao-paulo-capital","status":"publish","type":"page","link":"https:\/\/categero.org.br\/antigo\/?page_id=11651","title":{"rendered":"Museu da Pessoa de S\u00e3o Paulo Capital com Beato de Categer\u00f3 em Vanda Machado"},"content":{"rendered":"<p style=\"text-align: center;\"><img loading=\"lazy\" decoding=\"async\" class=\"aligncenter  wp-image-11736\" src=\"http:\/\/categero.org.br\/wp-content\/uploads\/2017\/01\/museu-da-pessoa.jpg\" alt=\"museu-da-pessoa\" width=\"499\" height=\"329\" srcset=\"https:\/\/categero.org.br\/antigo\/wp-content\/uploads\/2017\/01\/museu-da-pessoa.jpg 640w, https:\/\/categero.org.br\/antigo\/wp-content\/uploads\/2017\/01\/museu-da-pessoa-300x198.jpg 300w, https:\/\/categero.org.br\/antigo\/wp-content\/uploads\/2017\/01\/museu-da-pessoa-495x326.jpg 495w, https:\/\/categero.org.br\/antigo\/wp-content\/uploads\/2017\/01\/museu-da-pessoa-75x50.jpg 75w, https:\/\/categero.org.br\/antigo\/wp-content\/uploads\/2017\/01\/museu-da-pessoa-120x80.jpg 120w\" sizes=\"auto, (max-width: 499px) 100vw, 499px\" \/><\/p>\n<p style=\"text-align: right;\"><em><strong>VEJA MAIS \u00a0\u2013\u00a0\u00a0<a href=\"http:\/\/categero.org.br\/?p=11729\" target=\"_blank\">Not\u00edcias \u00a0sobre Categer\u00f3 neste Museu em nosso Portal<\/a><\/strong><\/em><\/p>\n<p><strong>Miss\u00e3o e objetivo<\/strong><\/p>\n<p style=\"text-align: justify;\">O Museu da Pessoa acredita que valorizar a diversidade cultural e a hist\u00f3ria de cada pessoa como patrim\u00f4nio da humanidade \u00e9 contribuir para a constru\u00e7\u00e3o de uma cultura de paz. Nossa principal miss\u00e3o \u00e9 a de ser um Museu aberto e colaborativo que transforme as hist\u00f3rias de vida de toda e qualquer pessoa em fonte de conhecimento, compreens\u00e3o e conex\u00e3o entre pessoas e povos.<\/p>\n<p style=\"text-align: justify;\">Trata-se de um legado diferenciado da hist\u00f3ria do pa\u00eds, que prioriza a transforma\u00e7\u00e3o cultural, social\u00a0 e implica em construir uma massa\u00a0 cr\u00edtica suficientemente grande para\u00a0 garantir a sustentabilidade\u00a0 da ideia e de sua\u00a0 amplia\u00e7\u00e3o em in\u00fameros segmentos e espa\u00e7os sociais.<\/p>\n<p><strong>O que fazemos\u00a0<\/strong><\/p>\n<p style=\"text-align: justify;\">Ao longo de sua trajet\u00f3ria, o Museu da Pessoa realizou cerca de 250 projetos de mem\u00f3ria, nas \u00e1reas de Mem\u00f3ria Empresarial, Educa\u00e7\u00e3o, Desenvolvimento Comunit\u00e1rio e Cultura. Em 22 anos de hist\u00f3ria, o Museu da Pessoa inspirou a constru\u00e7\u00e3o de tr\u00eas museus fora do Brasil (Portugal, Canad\u00e1 e Estados Unidos) e liderou campanhas internacionais para a valoriza\u00e7\u00e3o de hist\u00f3rias de vida.<\/p>\n<p style=\"text-align: justify;\"><strong>Como o Beato Ant\u00f4nio de Categer\u00f3 est\u00e1 no Museu da Pessoa\/SP<\/strong><\/p>\n<p style=\"text-align: justify;\">A hist\u00f3ria de vida de Vanda Machado &#8211; depoimento em m\u00eddia, digital e v\u00eddeo, dispon\u00edvel nesse Museu.<\/p>\n<p>Endere\u00e7o: Rua Natingui, 1100 &#8211; S\u00e3o Paulo &#8211; CEP 05443-002<br \/>\nTel +55 11 2144.7150 | fax +55 11 2144.7151<br \/>\n<a href=\"http:\/\/www.museudapessoa.net\" target=\"_blank\">http:\/\/www.museudapessoa.net<\/a><br \/>\nEndere\u00e7o eletr\u00f4nico: \u00a0<a href=\"mailto:portal@museudapessoa.net\">portal@museudapessoa.net<\/a><\/p>\n<p style=\"text-align: right;\"><em><strong>VEJA MAIS \u00a0\u2013\u00a0\u00a0<a href=\"http:\/\/categero.org.br\/?p=11729\" target=\"_blank\">Not\u00edcias \u00a0sobre Categer\u00f3 neste Museu em nosso Portal<\/a><\/strong><\/em><\/p>\n<p style=\"text-align: center;\"><img loading=\"lazy\" decoding=\"async\" class=\"aligncenter size-full wp-image-11737\" src=\"http:\/\/categero.org.br\/wp-content\/uploads\/2017\/01\/Banner-Museu-da-PessoaSP.jpg\" alt=\"# Banner Museu da PessoaSP\" width=\"425\" height=\"283\" srcset=\"https:\/\/categero.org.br\/antigo\/wp-content\/uploads\/2017\/01\/Banner-Museu-da-PessoaSP.jpg 425w, https:\/\/categero.org.br\/antigo\/wp-content\/uploads\/2017\/01\/Banner-Museu-da-PessoaSP-300x200.jpg 300w, https:\/\/categero.org.br\/antigo\/wp-content\/uploads\/2017\/01\/Banner-Museu-da-PessoaSP-75x50.jpg 75w, https:\/\/categero.org.br\/antigo\/wp-content\/uploads\/2017\/01\/Banner-Museu-da-PessoaSP-120x80.jpg 120w\" sizes=\"auto, (max-width: 425px) 100vw, 425px\" \/><\/p>\n<p style=\"text-align: center;\">.<\/p>\n","protected":false},"excerpt":{"rendered":"<p>VEJA MAIS \u00a0\u2013\u00a0\u00a0Not\u00edcias \u00a0sobre Categer\u00f3 neste Museu em nosso Portal Miss\u00e3o e objetivo O Museu da Pessoa acredita que valorizar a diversidade cultural e a hist\u00f3ria de cada pessoa como patrim\u00f4nio da humanidade \u00e9 contribuir para a constru\u00e7\u00e3o de uma cultura de paz. Nossa principal miss\u00e3o \u00e9 a de ser um Museu aberto e colaborativo [&hellip;]<\/p>\n","protected":false},"author":1,"featured_media":11737,"parent":8867,"menu_order":0,"comment_status":"closed","ping_status":"closed","template":"","meta":{"ngg_post_thumbnail":0,"footnotes":""},"class_list":["post-11651","page","type-page","status-publish","has-post-thumbnail","hentry"],"_links":{"self":[{"href":"https:\/\/categero.org.br\/antigo\/index.php?rest_route=\/wp\/v2\/pages\/11651","targetHints":{"allow":["GET"]}}],"collection":[{"href":"https:\/\/categero.org.br\/antigo\/index.php?rest_route=\/wp\/v2\/pages"}],"about":[{"href":"https:\/\/categero.org.br\/antigo\/index.php?rest_route=\/wp\/v2\/types\/page"}],"author":[{"embeddable":true,"href":"https:\/\/categero.org.br\/antigo\/index.php?rest_route=\/wp\/v2\/users\/1"}],"replies":[{"embeddable":true,"href":"https:\/\/categero.org.br\/antigo\/index.php?rest_route=%2Fwp%2Fv2%2Fcomments&post=11651"}],"version-history":[{"count":7,"href":"https:\/\/categero.org.br\/antigo\/index.php?rest_route=\/wp\/v2\/pages\/11651\/revisions"}],"predecessor-version":[{"id":11741,"href":"https:\/\/categero.org.br\/antigo\/index.php?rest_route=\/wp\/v2\/pages\/11651\/revisions\/11741"}],"up":[{"embeddable":true,"href":"https:\/\/categero.org.br\/antigo\/index.php?rest_route=\/wp\/v2\/pages\/8867"}],"wp:featuredmedia":[{"embeddable":true,"href":"https:\/\/categero.org.br\/antigo\/index.php?rest_route=\/wp\/v2\/media\/11737"}],"wp:attachment":[{"href":"https:\/\/categero.org.br\/antigo\/index.php?rest_route=%2Fwp%2Fv2%2Fmedia&parent=11651"}],"curies":[{"name":"wp","href":"https:\/\/api.w.org\/{rel}","templated":true}]}}