{"id":116,"date":"2010-10-01T00:45:43","date_gmt":"2010-10-01T00:45:43","guid":{"rendered":"http:\/\/www.categero.org.br\/?page_id=116"},"modified":"2018-07-09T16:44:26","modified_gmt":"2018-07-09T19:44:26","slug":"sao-paulosp-capela-de-n%c2%aa-s%c2%aa-dos-aflitos","status":"publish","type":"page","link":"https:\/\/categero.org.br\/antigo\/?page_id=116","title":{"rendered":"Capela de N\u00aa S\u00aa dos Aflitos, o antigo cemit\u00e9rio escravo e indigente de SP\/SP"},"content":{"rendered":"<h3 style=\"text-align: center;\">Espa\u00e7o devocional fenomenol\u00f3gico pouco estudado<\/h3>\n<p>&nbsp;<\/p>\n<p style=\"text-align: right;\"><strong><span style=\"color: #ff0000;\">Veja as not\u00edcias do<\/span><a href=\"http:\/\/categero.org.br\/?p=11172\" target=\"_blank\" rel=\"noopener\"> Beato Ant\u00f4nio de Categer\u00f3 nesta Capela<\/a><\/strong><\/p>\n<div class=\"mod\" data-md=\"1002\" data-ved=\"2ahUKEwjAzJ2v45LcAhVN6lMKHb_MAIQQkCkoAjAYegUIARDhAQ\" data-hveid=\"CAEQ4QE\">\n<div class=\"Z1hOCe\">\n<div class=\"zloOqf kno-fb-ctx\" data-ved=\"2ahUKEwjAzJ2v45LcAhVN6lMKHb_MAIQQghwoADAYegUIARDiAQ\" data-dtype=\"d3ifr\" data-local-attribute=\"d3adr\"><span class=\"w8qArf\"><a class=\"fl\" href=\"https:\/\/www.google.com.br\/search?q=capela+nossa+senhora+dos+aflitos+endere%C3%A7o&amp;stick=H4sIAAAAAAAAAOPgE-LRT9c3LCipMjNMMSzWks1OttLPyU9OLMnMz4MzrBJTUopSi4sBLLEl9C8AAAA&amp;sa=X&amp;ved=2ahUKEwjAzJ2v45LcAhVN6lMKHb_MAIQQ6BMwGHoFCAEQ4wE\" data-ved=\"2ahUKEwjAzJ2v45LcAhVN6lMKHb_MAIQQ6BMwGHoFCAEQ4wE\">Endere\u00e7o<\/a>: <\/span><span class=\"LrzXr\">Rua dos Aflitos, 70 &#8211; Traves. Rua dos Estudantes &#8211; alt. n\u00ba 52 &#8211; Liberdade,<br \/>\n<\/span><span class=\"w8qArf\"><span class=\"LrzXr\">S\u00e3o Paulo &#8211; SP, 01505-030<\/span> &nbsp;&nbsp;<a class=\"fl\" href=\"https:\/\/www.google.com.br\/search?q=capela+nossa+senhora+dos+aflitos+local&amp;sa=X&amp;ved=2ahUKEwjAzJ2v45LcAhVN6lMKHb_MAIQQ6BMoADAbegUIARDvAQ\" data-ved=\"2ahUKEwjAzJ2v45LcAhVN6lMKHb_MAIQQ6BMoADAbegUIARDvAQ\"> Local<\/a>: <\/span><span class=\"LrzXr kno-fv\"><a class=\"fl\" href=\"https:\/\/www.google.com.br\/search?q=Rua+dos+Aflitos&amp;stick=H4sIAAAAAAAAAONgVuLRT9c3rMwtzjIsr8wGAHDczZYQAAAA&amp;sa=X&amp;ved=2ahUKEwjAzJ2v45LcAhVN6lMKHb_MAIQQmxMoATAbegUIARDwAQ\" data-ved=\"2ahUKEwjAzJ2v45LcAhVN6lMKHb_MAIQQmxMoATAbegUIARDwAQ\">Rua dos Aflitos<\/a>, 70&nbsp; &#8211;<\/span><span class=\"w8qArf\"> &nbsp; <a class=\"fl\" href=\"https:\/\/www.google.com.br\/search?q=capela+nossa+senhora+dos+aflitos+telefone&amp;sa=X&amp;ved=2ahUKEwjAzJ2v45LcAhVN6lMKHb_MAIQQ6BMwHHoFCAEQ8wE\" data-ved=\"2ahUKEwjAzJ2v45LcAhVN6lMKHb_MAIQQ6BMwHHoFCAEQ8wE\">Telefone<\/a>: <\/span><span class=\"LrzXr zdqRlf kno-fv\"><a title=\"Ligar pelo Hangouts\" class=\"fl r-isSvFOrv1BE8\" href=\"https:\/\/www.google.com.br\/search?source=hp&amp;ei=hbpDW92zH4f8zgKu34PYBg&amp;q=Capela+de+Nossa+Senhora+dos+Aflitos+and++S%C3%A3o+Paulo&amp;oq=Capela+de+Nossa+Senhora+dos+Aflitos+and++S%C3%A3o+Paulo&amp;gs_l=psy-ab.3...435.16616.0.17001.58.40.2.11.11.0.573.7011.2-15j7j1j1.24.0....0...1c.1.64.psy-ab..22.31.5453.0..0j35i39k1j0i67k1j0i131k1j0i10k1j0i131i67k1j0i22i30k1.0.bES-FTc4Z1w#\" data-ved=\"2ahUKEwjAzJ2v45LcAhVN6lMKHb_MAIQQkAgoADAcegUIARD0AQ\" data-rtid=\"isSvFOrv1BE8\" data-number=\"+551132752028\" data-pstn-out-call-url=\"\">(11) 3275-2028<\/a><\/span><\/div>\n<\/div>\n<\/div>\n<p style=\"text-align: center;\"><img loading=\"lazy\" decoding=\"async\" width=\"345\" height=\"460\" alt=\"sp_cpl-dos-aflitos-1\" src=\"http:\/\/categero.org.br\/wp-content\/uploads\/2016\/11\/SP_Cpl-dos-Aflitos-1.jpg\"\/><\/p>\n<p style=\"text-align: right;\"><strong><span style=\"color: #ff0000;\">Veja as not\u00edcias do<\/span><a href=\"http:\/\/categero.org.br\/?p=11172\" target=\"_blank\" rel=\"noopener\"> Beato Ant\u00f4nio de Categer\u00f3 nesta Capela<\/a><\/strong><\/p>\n<p style=\"text-align: justify;\">Uma pequena capela cat\u00f3lica apost\u00f3lica romana, fundada em 1774, com poucos altares, poucas imagens e poucos bancos de igreja. Mas, apta para quem deseje orar e, ou rezar. Os visitantes s\u00e3o assistidos por uma colaboradora leiga, orientando as informa\u00e7\u00f5es a cargo da igreja e, encaminhando ao p\u00e1roco, com responsabilidade espiritual sobre aquele ambiente. N\u00e3o \u00e9 abandonado, mas tamb\u00e9m, n\u00e3o h\u00e1 a igreja clerical, plenamente, presente.<\/p>\n<p style=\"text-align: justify;\">Vamos produzir uma galeria de fotos, que&nbsp;l\u00e1 fizermos em mar\u00e7o de 2015, junto com outras existentes na rede Internet que, melhor dar\u00e3o compreens\u00e3o sobre os espa\u00e7os existentes nessa Capela.<\/p>\n<p style=\"text-align: center;\"><strong>FAZER NESTE LOCAL A GALERIA DE FOTOS SOBRE DA CAPELA DE N\u00aa S\u00aa DOS AFLITOS<\/strong><\/p>\n<p style=\"text-align: center;\"><a href=\"http:\/\/www.categero.org.br\/wp-content\/uploads\/2010\/10\/Cap-dos-Aflitos-SP.bmp\"><img decoding=\"async\" title=\"Cap dos Aflitos SP\" alt=\"\" src=\"http:\/\/www.categero.org.br\/wp-content\/uploads\/2010\/10\/Cap-dos-Aflitos-SP.bmp\"\/><\/a><\/p>\n<p style=\"text-align: right;\"><strong><span style=\"color: #ff0000;\">Veja as not\u00edcias do<\/span><a href=\"http:\/\/categero.org.br\/?p=11172\" target=\"_blank\" rel=\"noopener\"> Beato Ant\u00f4nio de Categer\u00f3 nesta Capela<\/a><\/strong><\/p>\n<p style=\"text-align: center;\"><img loading=\"lazy\" decoding=\"async\" width=\"225\" height=\"300\" class=\"alignleft wp-image-11308 size-medium\" alt=\"dsc04247\" src=\"http:\/\/categero.org.br\/wp-content\/uploads\/2010\/10\/DSC04247-225x300.jpg\" srcset=\"https:\/\/categero.org.br\/antigo\/wp-content\/uploads\/2010\/10\/DSC04247-225x300.jpg 225w, https:\/\/categero.org.br\/antigo\/wp-content\/uploads\/2010\/10\/DSC04247-768x1024.jpg 768w, https:\/\/categero.org.br\/antigo\/wp-content\/uploads\/2010\/10\/DSC04247-495x660.jpg 495w\" sizes=\"auto, (max-width: 225px) 100vw, 225px\" \/> <img loading=\"lazy\" decoding=\"async\" width=\"300\" height=\"225\" class=\"alignleft wp-image-11309 size-medium\" alt=\"alexandre-antonio-flicker-1\" src=\"http:\/\/categero.org.br\/wp-content\/uploads\/2010\/10\/Alexandre-Antonio-Flicker-1-300x225.jpg\" srcset=\"https:\/\/categero.org.br\/antigo\/wp-content\/uploads\/2010\/10\/Alexandre-Antonio-Flicker-1-300x225.jpg 300w, https:\/\/categero.org.br\/antigo\/wp-content\/uploads\/2010\/10\/Alexandre-Antonio-Flicker-1-768x576.jpg 768w, https:\/\/categero.org.br\/antigo\/wp-content\/uploads\/2010\/10\/Alexandre-Antonio-Flicker-1.jpg 1024w, https:\/\/categero.org.br\/antigo\/wp-content\/uploads\/2010\/10\/Alexandre-Antonio-Flicker-1-495x371.jpg 495w, https:\/\/categero.org.br\/antigo\/wp-content\/uploads\/2010\/10\/Alexandre-Antonio-Flicker-1-80x60.jpg 80w, https:\/\/categero.org.br\/antigo\/wp-content\/uploads\/2010\/10\/Alexandre-Antonio-Flicker-1-161x120.jpg 161w\" sizes=\"auto, (max-width: 300px) 100vw, 300px\" \/> <img loading=\"lazy\" decoding=\"async\" width=\"225\" height=\"300\" class=\"alignleft wp-image-11310 size-medium\" alt=\"alexandre-antonio-flicker-2\" src=\"http:\/\/categero.org.br\/wp-content\/uploads\/2010\/10\/Alexandre-Antonio-Flicker-2-225x300.jpg\" srcset=\"https:\/\/categero.org.br\/antigo\/wp-content\/uploads\/2010\/10\/Alexandre-Antonio-Flicker-2-225x300.jpg 225w, https:\/\/categero.org.br\/antigo\/wp-content\/uploads\/2010\/10\/Alexandre-Antonio-Flicker-2.jpg 768w, https:\/\/categero.org.br\/antigo\/wp-content\/uploads\/2010\/10\/Alexandre-Antonio-Flicker-2-495x660.jpg 495w\" sizes=\"auto, (max-width: 225px) 100vw, 225px\" \/> <img loading=\"lazy\" decoding=\"async\" width=\"225\" height=\"300\" class=\"alignleft wp-image-11311 size-medium\" alt=\"alexandre-antonio-flicker-3\" src=\"http:\/\/categero.org.br\/wp-content\/uploads\/2010\/10\/Alexandre-Antonio-Flicker-3-225x300.jpg\" srcset=\"https:\/\/categero.org.br\/antigo\/wp-content\/uploads\/2010\/10\/Alexandre-Antonio-Flicker-3-225x300.jpg 225w, https:\/\/categero.org.br\/antigo\/wp-content\/uploads\/2010\/10\/Alexandre-Antonio-Flicker-3.jpg 768w, https:\/\/categero.org.br\/antigo\/wp-content\/uploads\/2010\/10\/Alexandre-Antonio-Flicker-3-495x660.jpg 495w\" sizes=\"auto, (max-width: 225px) 100vw, 225px\" \/> <img loading=\"lazy\" decoding=\"async\" width=\"300\" height=\"225\" class=\"alignleft wp-image-11312 size-medium\" alt=\"dsc04179\" src=\"http:\/\/categero.org.br\/wp-content\/uploads\/2010\/10\/DSC04179-300x225.jpg\" srcset=\"https:\/\/categero.org.br\/antigo\/wp-content\/uploads\/2010\/10\/DSC04179-300x225.jpg 300w, https:\/\/categero.org.br\/antigo\/wp-content\/uploads\/2010\/10\/DSC04179-768x576.jpg 768w, https:\/\/categero.org.br\/antigo\/wp-content\/uploads\/2010\/10\/DSC04179-1024x768.jpg 1024w, https:\/\/categero.org.br\/antigo\/wp-content\/uploads\/2010\/10\/DSC04179-495x371.jpg 495w, https:\/\/categero.org.br\/antigo\/wp-content\/uploads\/2010\/10\/DSC04179-80x60.jpg 80w, https:\/\/categero.org.br\/antigo\/wp-content\/uploads\/2010\/10\/DSC04179-161x120.jpg 161w\" sizes=\"auto, (max-width: 300px) 100vw, 300px\" \/> <img loading=\"lazy\" decoding=\"async\" width=\"225\" height=\"300\" class=\"alignleft wp-image-11313 size-medium\" alt=\"dsc04180\" src=\"http:\/\/categero.org.br\/wp-content\/uploads\/2010\/10\/DSC04180-225x300.jpg\" srcset=\"https:\/\/categero.org.br\/antigo\/wp-content\/uploads\/2010\/10\/DSC04180-225x300.jpg 225w, https:\/\/categero.org.br\/antigo\/wp-content\/uploads\/2010\/10\/DSC04180-768x1024.jpg 768w, https:\/\/categero.org.br\/antigo\/wp-content\/uploads\/2010\/10\/DSC04180-495x660.jpg 495w\" sizes=\"auto, (max-width: 225px) 100vw, 225px\" \/> <img loading=\"lazy\" decoding=\"async\" width=\"225\" height=\"300\" class=\"alignleft wp-image-11314 size-medium\" alt=\"dsc04181\" src=\"http:\/\/categero.org.br\/wp-content\/uploads\/2010\/10\/DSC04181-225x300.jpg\" srcset=\"https:\/\/categero.org.br\/antigo\/wp-content\/uploads\/2010\/10\/DSC04181-225x300.jpg 225w, https:\/\/categero.org.br\/antigo\/wp-content\/uploads\/2010\/10\/DSC04181-768x1024.jpg 768w, https:\/\/categero.org.br\/antigo\/wp-content\/uploads\/2010\/10\/DSC04181-495x660.jpg 495w\" sizes=\"auto, (max-width: 225px) 100vw, 225px\" \/> <img loading=\"lazy\" decoding=\"async\" width=\"300\" height=\"225\" class=\"alignleft wp-image-11315 size-medium\" alt=\"dsc04182\" src=\"http:\/\/categero.org.br\/wp-content\/uploads\/2010\/10\/DSC04182-300x225.jpg\" srcset=\"https:\/\/categero.org.br\/antigo\/wp-content\/uploads\/2010\/10\/DSC04182-300x225.jpg 300w, https:\/\/categero.org.br\/antigo\/wp-content\/uploads\/2010\/10\/DSC04182-768x576.jpg 768w, https:\/\/categero.org.br\/antigo\/wp-content\/uploads\/2010\/10\/DSC04182-1024x768.jpg 1024w, https:\/\/categero.org.br\/antigo\/wp-content\/uploads\/2010\/10\/DSC04182-495x371.jpg 495w, https:\/\/categero.org.br\/antigo\/wp-content\/uploads\/2010\/10\/DSC04182-80x60.jpg 80w, https:\/\/categero.org.br\/antigo\/wp-content\/uploads\/2010\/10\/DSC04182-161x120.jpg 161w\" sizes=\"auto, (max-width: 300px) 100vw, 300px\" \/> <img loading=\"lazy\" decoding=\"async\" width=\"300\" height=\"225\" class=\"alignleft wp-image-11316 size-medium\" alt=\"dsc04183\" src=\"http:\/\/categero.org.br\/wp-content\/uploads\/2010\/10\/DSC04183-300x225.jpg\" srcset=\"https:\/\/categero.org.br\/antigo\/wp-content\/uploads\/2010\/10\/DSC04183-300x225.jpg 300w, https:\/\/categero.org.br\/antigo\/wp-content\/uploads\/2010\/10\/DSC04183-768x576.jpg 768w, https:\/\/categero.org.br\/antigo\/wp-content\/uploads\/2010\/10\/DSC04183-1024x768.jpg 1024w, https:\/\/categero.org.br\/antigo\/wp-content\/uploads\/2010\/10\/DSC04183-495x371.jpg 495w, https:\/\/categero.org.br\/antigo\/wp-content\/uploads\/2010\/10\/DSC04183-80x60.jpg 80w, https:\/\/categero.org.br\/antigo\/wp-content\/uploads\/2010\/10\/DSC04183-161x120.jpg 161w\" sizes=\"auto, (max-width: 300px) 100vw, 300px\" \/> <img loading=\"lazy\" decoding=\"async\" width=\"225\" height=\"300\" class=\"alignleft wp-image-11317 size-medium\" alt=\"dsc04184\" src=\"http:\/\/categero.org.br\/wp-content\/uploads\/2010\/10\/DSC04184-225x300.jpg\" srcset=\"https:\/\/categero.org.br\/antigo\/wp-content\/uploads\/2010\/10\/DSC04184-225x300.jpg 225w, https:\/\/categero.org.br\/antigo\/wp-content\/uploads\/2010\/10\/DSC04184-768x1024.jpg 768w, https:\/\/categero.org.br\/antigo\/wp-content\/uploads\/2010\/10\/DSC04184-495x660.jpg 495w\" sizes=\"auto, (max-width: 225px) 100vw, 225px\" \/> <img loading=\"lazy\" decoding=\"async\" width=\"225\" height=\"300\" class=\"alignleft wp-image-11318 size-medium\" alt=\"dsc04186\" src=\"http:\/\/categero.org.br\/wp-content\/uploads\/2010\/10\/DSC04186-225x300.jpg\" srcset=\"https:\/\/categero.org.br\/antigo\/wp-content\/uploads\/2010\/10\/DSC04186-225x300.jpg 225w, https:\/\/categero.org.br\/antigo\/wp-content\/uploads\/2010\/10\/DSC04186-768x1024.jpg 768w, https:\/\/categero.org.br\/antigo\/wp-content\/uploads\/2010\/10\/DSC04186-495x660.jpg 495w\" sizes=\"auto, (max-width: 225px) 100vw, 225px\" \/> <img loading=\"lazy\" decoding=\"async\" width=\"225\" height=\"300\" class=\"alignleft wp-image-11319 size-medium\" alt=\"dsc04246\" src=\"http:\/\/categero.org.br\/wp-content\/uploads\/2010\/10\/DSC04246-225x300.jpg\" srcset=\"https:\/\/categero.org.br\/antigo\/wp-content\/uploads\/2010\/10\/DSC04246-225x300.jpg 225w, https:\/\/categero.org.br\/antigo\/wp-content\/uploads\/2010\/10\/DSC04246-768x1024.jpg 768w, https:\/\/categero.org.br\/antigo\/wp-content\/uploads\/2010\/10\/DSC04246-495x660.jpg 495w\" sizes=\"auto, (max-width: 225px) 100vw, 225px\" \/><\/p>\n<p><a href=\"http:\/\/categero.org.br\/wp-content\/uploads\/2010\/10\/Baner.jpg\"><img loading=\"lazy\" decoding=\"async\" width=\"300\" height=\"149\" class=\"size-medium wp-image-8540 aligncenter\" alt=\"Baner\" src=\"http:\/\/categero.org.br\/wp-content\/uploads\/2010\/10\/Baner-300x149.jpg\" srcset=\"https:\/\/categero.org.br\/antigo\/wp-content\/uploads\/2010\/10\/Baner-300x149.jpg 300w, https:\/\/categero.org.br\/antigo\/wp-content\/uploads\/2010\/10\/Baner.jpg 397w\" sizes=\"auto, (max-width: 300px) 100vw, 300px\" \/><\/a><\/p>\n","protected":false},"excerpt":{"rendered":"<p>Espa\u00e7o devocional fenomenol\u00f3gico pouco estudado &nbsp; Veja as not\u00edcias do Beato Ant\u00f4nio de Categer\u00f3 nesta Capela Endere\u00e7o: Rua dos Aflitos, 70 &#8211; Traves. Rua dos Estudantes &#8211; alt. n\u00ba 52 &#8211; Liberdade, S\u00e3o Paulo &#8211; SP, 01505-030 &nbsp;&nbsp; Local: Rua dos Aflitos, 70&nbsp; &#8211; &nbsp; Telefone: (11) 3275-2028 Veja as not\u00edcias do Beato Ant\u00f4nio de [&hellip;]<\/p>\n","protected":false},"author":1,"featured_media":8540,"parent":8867,"menu_order":0,"comment_status":"closed","ping_status":"closed","template":"","meta":{"ngg_post_thumbnail":0,"footnotes":""},"class_list":["post-116","page","type-page","status-publish","has-post-thumbnail","hentry"],"_links":{"self":[{"href":"https:\/\/categero.org.br\/antigo\/index.php?rest_route=\/wp\/v2\/pages\/116","targetHints":{"allow":["GET"]}}],"collection":[{"href":"https:\/\/categero.org.br\/antigo\/index.php?rest_route=\/wp\/v2\/pages"}],"about":[{"href":"https:\/\/categero.org.br\/antigo\/index.php?rest_route=\/wp\/v2\/types\/page"}],"author":[{"embeddable":true,"href":"https:\/\/categero.org.br\/antigo\/index.php?rest_route=\/wp\/v2\/users\/1"}],"replies":[{"embeddable":true,"href":"https:\/\/categero.org.br\/antigo\/index.php?rest_route=%2Fwp%2Fv2%2Fcomments&post=116"}],"version-history":[{"count":17,"href":"https:\/\/categero.org.br\/antigo\/index.php?rest_route=\/wp\/v2\/pages\/116\/revisions"}],"predecessor-version":[{"id":13169,"href":"https:\/\/categero.org.br\/antigo\/index.php?rest_route=\/wp\/v2\/pages\/116\/revisions\/13169"}],"up":[{"embeddable":true,"href":"https:\/\/categero.org.br\/antigo\/index.php?rest_route=\/wp\/v2\/pages\/8867"}],"wp:featuredmedia":[{"embeddable":true,"href":"https:\/\/categero.org.br\/antigo\/index.php?rest_route=\/wp\/v2\/media\/8540"}],"wp:attachment":[{"href":"https:\/\/categero.org.br\/antigo\/index.php?rest_route=%2Fwp%2Fv2%2Fmedia&parent=116"}],"curies":[{"name":"wp","href":"https:\/\/api.w.org\/{rel}","templated":true}]}}