{"id":113,"date":"2010-10-01T00:41:59","date_gmt":"2010-10-01T00:41:59","guid":{"rendered":"http:\/\/www.categero.org.br\/?page_id=113"},"modified":"2016-11-10T13:31:48","modified_gmt":"2016-11-10T16:31:48","slug":"sao-paulosp-igreja-das-chagas-do-serafico-pai-sao-farncisco-ordem-3%c2%aa-ou-tambem-da-penitencia","status":"publish","type":"page","link":"https:\/\/categero.org.br\/antigo\/?page_id=113","title":{"rendered":"SP\/S\u00e3o Paulo &#8211; Ordem Terceira e Igreja S\u00e3o Francisco"},"content":{"rendered":"<p style=\"text-align: right;\"><strong><a href=\"http:\/\/categero.org.br\/?p=11113\" target=\"_blank\">Veja as not\u00edcias do Beato Ant\u00f4nio de Categer\u00f3 nesta igreja<\/a><\/strong><\/p>\n<div id=\"attachment_11110\" style=\"width: 339px\" class=\"wp-caption aligncenter\"><img loading=\"lazy\" decoding=\"async\" aria-describedby=\"caption-attachment-11110\" class=\"wp-image-11110\" src=\"http:\/\/categero.org.br\/wp-content\/uploads\/2010\/10\/12169031_872378359483444_34811964_o.jpg\" alt=\"12169031_872378359483444_34811964_o\" width=\"329\" height=\"438\" srcset=\"https:\/\/categero.org.br\/antigo\/wp-content\/uploads\/2010\/10\/12169031_872378359483444_34811964_o.jpg 768w, https:\/\/categero.org.br\/antigo\/wp-content\/uploads\/2010\/10\/12169031_872378359483444_34811964_o-225x300.jpg 225w, https:\/\/categero.org.br\/antigo\/wp-content\/uploads\/2010\/10\/12169031_872378359483444_34811964_o-495x660.jpg 495w\" sizes=\"auto, (max-width: 329px) 100vw, 329px\" \/><p id=\"caption-attachment-11110\" class=\"wp-caption-text\">Centen\u00e1ria imagem do Beato Ant\u00f4nio de Categer\u00f3, em altar, da igreja da Ordem Terceira Franciscana paulista.<\/p><\/div>\n<p style=\"text-align: right;\"><strong><a href=\"http:\/\/categero.org.br\/?p=11113\" target=\"_blank\">Veja as not\u00edcias do Beato Ant\u00f4nio de Categer\u00f3 nesta igreja<\/a><\/strong><\/p>\n<p style=\"text-align: center;\"><strong>.<br \/>\nVener\u00e1vel Ordem Terceira da Penit\u00eancia e sua Igreja das Chagas do Ser\u00e1fico Pai S\u00e3o Francisco<\/strong><\/p>\n<p style=\"text-align: justify;\">As datas atribu\u00eddas \u00e0 funda\u00e7\u00e3o da \u00a0Ordem Terceira Franciscana (OTF) em S\u00e3o Paulo, variam de 1632 \u00e0 1639; alguns autores datam, que a estrutura\u00e7\u00e3o da OTF, ocorre em 1646 e, que 30 anos ap\u00f3s, em 1746, os Terceiros franciscanos paulistas j\u00e1 haviam constru\u00eddo sua igreja.\u00a0Destaque-se que essa Ordem Terceira (de leigos) estava constitu\u00edda da elite da sociedade paulista, de ent\u00e3o, atuando como precursora do franciscanismo paulistano. Ap\u00f3s a chegada da Ordem Primeira, funcionou como instrumento de sustenta\u00e7\u00e3o pol\u00edtica \u00e0 Ordem Primeira. Esta que s\u00f3 veio a se estabelecer, em S\u00e3o Paulo, no ano de 1640.<\/p>\n<p style=\"text-align: justify;\">Segundo registros do Monsenhor Salvatore Guastella &#8211; bi\u00f3grafo do Beato Ant\u00f4nio de Categer\u00f3, \u00a0o culto mais antigo deste santo cat\u00f3lico, na cidade de S\u00e3o Paulo, seria nesta igreja, onde h\u00e1 uma est\u00e1tua, em tamanho natural, desde dos idos de 1680\/1687, imagem do tipo santo de vestir. J\u00e1 a Dra. em Hist\u00f3ria, Maria Cristina Caponero, em sua Tese de doutoramento, que uma Irmandade do milagroso Santo Ant\u00f4nio de Categer\u00f3&#8221;, existiu em S\u00e3o Paulo em 1592, como ano da formaliza\u00e7\u00e3o, tendo se iniciado anteriormente.<\/p>\n<p style=\"text-align: justify;\">Quanto a imagem do beato citada &#8211; um santo de vestir, \u00e9 t\u00edpico ao usado, nas prociss\u00f5es de cinzas, em outros Estados do Brasil, em outras localidades do Estado de S\u00e3o Paulo e, at\u00e9, em Portugal, nas Prociss\u00f5es de Cinzas das OTFs. E isto nos permite deduzir que a imagem, usando as datas informadas pelo pesquisador e autor de livros de hist\u00f3ria franciscana Frei Adalberto Ortmann, que flexibiliza a data em formaliza\u00e7\u00e3o e estrutura\u00e7\u00e3o da Prociss\u00e3o de Cinzas desta OTF paulista, entre 1680, quando da ata de institui\u00e7\u00e3o, at\u00e9 1687, quando a prociss\u00e3o saiu pela primeira vez. Essa prociss\u00e3o\u00a0vai existir at\u00e9 o ano de 1886, ou seja, por mais 200 anos (dois s\u00e9culos) foi exist\u00eancia dessa prociss\u00e3o e do uso dessa imagem.<\/p>\n<p style=\"text-align: justify;\">Al\u00e9m da participa\u00e7\u00e3o em um destacado altar da igreja de S\u00e3o Francisco, uma vez por m\u00eas, faz parte do calend\u00e1rio, desta hist\u00f3rica igreja paulista, a celebra\u00e7\u00e3o de uma missa em honra ao Santo Ant\u00f4nio de Categer\u00f3 (Beato).<\/p>\n<p style=\"text-align: justify;\">Tamb\u00e9m foi relatado pelo Ms. Guastella, em sua obra com a vida do beato, a exist\u00eancia de um\u00a0&#8220;hino&#8221; em honra ao Beato de Categer\u00f3, produzido pelos irm\u00e3os, da Vener\u00e1vel Ordem Terceira Franciscana da Penit\u00eancia paulista, situada no Largo de S\u00e3o Francisco, S\u00e3o Paulo\/Capital.<\/p>\n<p style=\"text-align: right;\"><strong><a href=\"http:\/\/categero.org.br\/?p=11113\" target=\"_blank\">Veja as not\u00edcias do Beato Ant\u00f4nio de Categer\u00f3 nesta igreja<\/a><\/strong><\/p>\n<p>Igreja das Chagas do Ser\u00e1fico Pai S\u00e3o Farncisco (ordem 3\u00aa) da Penit\u00eancia<br \/>\nLargo do S\u00e3o Francisco, 173 &#8211; Centro\/SP<br \/>\nFones: (11) 3106 5297 e (11) 3105 8791<\/p>\n<p><a href=\"http:\/\/categero.org.br\/wp-content\/uploads\/2010\/10\/Baner-Igr-SFrancisco-SP1.jpg\"><img loading=\"lazy\" decoding=\"async\" class=\"aligncenter size-medium wp-image-8535\" src=\"http:\/\/categero.org.br\/wp-content\/uploads\/2010\/10\/Baner-Igr-SFrancisco-SP1-300x149.jpg\" alt=\"Baner Igr SFrancisco SP\" width=\"300\" height=\"149\" srcset=\"https:\/\/categero.org.br\/antigo\/wp-content\/uploads\/2010\/10\/Baner-Igr-SFrancisco-SP1-300x149.jpg 300w, https:\/\/categero.org.br\/antigo\/wp-content\/uploads\/2010\/10\/Baner-Igr-SFrancisco-SP1.jpg 397w\" sizes=\"auto, (max-width: 300px) 100vw, 300px\" \/><\/a><\/p>\n","protected":false},"excerpt":{"rendered":"<p>Veja as not\u00edcias do Beato Ant\u00f4nio de Categer\u00f3 nesta igreja Veja as not\u00edcias do Beato Ant\u00f4nio de Categer\u00f3 nesta igreja . Vener\u00e1vel Ordem Terceira da Penit\u00eancia e sua Igreja das Chagas do Ser\u00e1fico Pai S\u00e3o Francisco As datas atribu\u00eddas \u00e0 funda\u00e7\u00e3o da \u00a0Ordem Terceira Franciscana (OTF) em S\u00e3o Paulo, variam de 1632 \u00e0 1639; alguns [&hellip;]<\/p>\n","protected":false},"author":1,"featured_media":8535,"parent":8867,"menu_order":0,"comment_status":"closed","ping_status":"closed","template":"","meta":{"ngg_post_thumbnail":0,"footnotes":""},"class_list":["post-113","page","type-page","status-publish","has-post-thumbnail","hentry"],"_links":{"self":[{"href":"https:\/\/categero.org.br\/antigo\/index.php?rest_route=\/wp\/v2\/pages\/113","targetHints":{"allow":["GET"]}}],"collection":[{"href":"https:\/\/categero.org.br\/antigo\/index.php?rest_route=\/wp\/v2\/pages"}],"about":[{"href":"https:\/\/categero.org.br\/antigo\/index.php?rest_route=\/wp\/v2\/types\/page"}],"author":[{"embeddable":true,"href":"https:\/\/categero.org.br\/antigo\/index.php?rest_route=\/wp\/v2\/users\/1"}],"replies":[{"embeddable":true,"href":"https:\/\/categero.org.br\/antigo\/index.php?rest_route=%2Fwp%2Fv2%2Fcomments&post=113"}],"version-history":[{"count":14,"href":"https:\/\/categero.org.br\/antigo\/index.php?rest_route=\/wp\/v2\/pages\/113\/revisions"}],"predecessor-version":[{"id":11148,"href":"https:\/\/categero.org.br\/antigo\/index.php?rest_route=\/wp\/v2\/pages\/113\/revisions\/11148"}],"up":[{"embeddable":true,"href":"https:\/\/categero.org.br\/antigo\/index.php?rest_route=\/wp\/v2\/pages\/8867"}],"wp:featuredmedia":[{"embeddable":true,"href":"https:\/\/categero.org.br\/antigo\/index.php?rest_route=\/wp\/v2\/media\/8535"}],"wp:attachment":[{"href":"https:\/\/categero.org.br\/antigo\/index.php?rest_route=%2Fwp%2Fv2%2Fmedia&parent=113"}],"curies":[{"name":"wp","href":"https:\/\/api.w.org\/{rel}","templated":true}]}}