{"id":11223,"date":"2016-12-29T07:56:54","date_gmt":"2016-12-29T10:56:54","guid":{"rendered":"http:\/\/categero.org.br\/?page_id=11223"},"modified":"2018-06-21T22:39:39","modified_gmt":"2018-06-22T01:39:39","slug":"a-menor-oracao","status":"publish","type":"page","link":"https:\/\/categero.org.br\/antigo\/?page_id=11223","title":{"rendered":"8\u00aa &#8211; Ora\u00e7\u00e3o &#8211; as menores ora\u00e7\u00f5es ao Beato Ant\u00f4nio de Categer\u00f3"},"content":{"rendered":"<p style=\"text-align: center;\"><strong>Estribilho de um &#8220;Credo&#8221; dedicado ao Beato Ant\u00f4nio de &nbsp;Categer\u00f3<\/strong><\/p>\n<p style=\"text-align: center;\">(fa\u00e7a seu pedido e, repita-o constantemente, ap\u00f3s esta ora\u00e7\u00e3o)<\/p>\n<p style=\"padding-left: 60px; text-align: right;\"><em><span style=\"color: #ff0000;\"><strong>Link &#8211; &nbsp;<a href=\"http:\/\/categero.org.br\/?p=11452\" target=\"_blank\" rel=\"noopener noreferrer\">Datas de Categer\u00f3 &#8211; Nota do Portal<br \/>\n<\/a><\/strong><\/span><\/em><em><span style=\"color: #ff0000;\"><strong>Link &#8211; &nbsp;<span style=\"color: #000000;\"><a href=\"http:\/\/categero.org.br\/?p=11933\" target=\"_blank\" rel=\"noopener noreferrer\">Perfil, Linha do Tempo e Vaticano &#8211; Nota do Portal<\/a><\/span><\/strong><\/span><\/em><\/p>\n<p style=\"text-align: center;\"><img loading=\"lazy\" decoding=\"async\" width=\"177\" height=\"205\" class=\"aligncenter wp-image-11224\" alt=\"3-categero-meio-corpo-color\" src=\"http:\/\/categero.org.br\/wp-content\/uploads\/2016\/12\/3.-Categer\u00f3-Meio-corpo-Color.jpg\"\/><\/p>\n<address style=\"padding-left: 180px;\"><strong>Eis o fechamento de tudo que pedir a Cristo com intersec\u00e7\u00e3o de Categer\u00f3:<\/strong><\/address>\n<address style=\"padding-left: 180px;\">&nbsp;<\/address>\n<address style=\"padding-left: 330px;\">Santo Antonio de Categer\u00f3,<\/address>\n<address style=\"padding-left: 330px;\">Rogai por n\u00f3s \u2026.<\/address>\n<address style=\"padding-left: 330px;\">Santo Antonio de Categer\u00f3,<\/address>\n<address style=\"padding-left: 330px;\">Ajuda-nos a perseverar neste caminho\u2026.<\/address>\n<address style=\"padding-left: 330px;\">Santo Antonio de Categer\u00f3,<\/address>\n<address style=\"padding-left: 330px;\">Seja nosso intercessor&nbsp;em Cristo\u2026.<\/address>\n<address style=\"padding-left: 330px;\">&nbsp;<\/address>\n<address style=\"padding-left: 330px;\">&nbsp;<\/address>\n<address style=\"padding-left: 330px;\">Esta que abre a Tetralogia&nbsp;<\/address>\n<p style=\"padding-left: 150px; text-align: center;\">.<br \/>\n<em><span style=\"color: #ff0000;\"><strong>Link &#8211; &nbsp;<a href=\"http:\/\/categero.org.br\/?p=11452\" target=\"_blank\" rel=\"noopener noreferrer\">Datas de Categer\u00f3 &#8211; Nota do Portal<br \/>\n<\/a><\/strong><\/span><\/em><em><span style=\"color: #ff0000;\"><strong>Link &#8211; &nbsp;<span style=\"color: #000000;\"><a href=\"http:\/\/categero.org.br\/?p=11933\" target=\"_blank\" rel=\"noopener noreferrer\">Perfil, Linha do Tempo e Vaticano &#8211; Nota do Portal<\/a><\/span><\/strong><\/span><\/em><\/p>\n<p>.<\/p>\n<div id=\"attachment_11225\" style=\"width: 435px\" class=\"wp-caption aligncenter\"><img loading=\"lazy\" decoding=\"async\" aria-describedby=\"caption-attachment-11225\" width=\"425\" height=\"283\" class=\"wp-image-11225 size-full\" alt=\"baner-categero-50-anos\" src=\"http:\/\/categero.org.br\/wp-content\/uploads\/2016\/12\/Baner-Categer\u00f3-50-anos.jpg\" srcset=\"https:\/\/categero.org.br\/antigo\/wp-content\/uploads\/2016\/12\/Baner-Categer\u00f3-50-anos.jpg 425w, https:\/\/categero.org.br\/antigo\/wp-content\/uploads\/2016\/12\/Baner-Categer\u00f3-50-anos-300x200.jpg 300w, https:\/\/categero.org.br\/antigo\/wp-content\/uploads\/2016\/12\/Baner-Categer\u00f3-50-anos-75x50.jpg 75w, https:\/\/categero.org.br\/antigo\/wp-content\/uploads\/2016\/12\/Baner-Categer\u00f3-50-anos-120x80.jpg 120w\" sizes=\"auto, (max-width: 425px) 100vw, 425px\" \/><p id=\"caption-attachment-11225\" class=\"wp-caption-text\">Estampa de santinho de 25 de maio de 1961, da igreja de Nossa Senhora do \u00d3, onde al\u00e9m de imagens, tem uma rel\u00edquia de seu corpo.<\/p><\/div>\n","protected":false},"excerpt":{"rendered":"<p>Estribilho de um &#8220;Credo&#8221; dedicado ao Beato Ant\u00f4nio de &nbsp;Categer\u00f3 (fa\u00e7a seu pedido e, repita-o constantemente, ap\u00f3s esta ora\u00e7\u00e3o) Link &#8211; &nbsp;Datas de Categer\u00f3 &#8211; Nota do Portal Link &#8211; &nbsp;Perfil, Linha do Tempo e Vaticano &#8211; Nota do Portal Eis o fechamento de tudo que pedir a Cristo com intersec\u00e7\u00e3o de Categer\u00f3: &nbsp; Santo [&hellip;]<\/p>\n","protected":false},"author":1,"featured_media":11225,"parent":3719,"menu_order":8,"comment_status":"closed","ping_status":"closed","template":"","meta":{"ngg_post_thumbnail":0,"footnotes":""},"class_list":["post-11223","page","type-page","status-publish","has-post-thumbnail","hentry"],"_links":{"self":[{"href":"https:\/\/categero.org.br\/antigo\/index.php?rest_route=\/wp\/v2\/pages\/11223","targetHints":{"allow":["GET"]}}],"collection":[{"href":"https:\/\/categero.org.br\/antigo\/index.php?rest_route=\/wp\/v2\/pages"}],"about":[{"href":"https:\/\/categero.org.br\/antigo\/index.php?rest_route=\/wp\/v2\/types\/page"}],"author":[{"embeddable":true,"href":"https:\/\/categero.org.br\/antigo\/index.php?rest_route=\/wp\/v2\/users\/1"}],"replies":[{"embeddable":true,"href":"https:\/\/categero.org.br\/antigo\/index.php?rest_route=%2Fwp%2Fv2%2Fcomments&post=11223"}],"version-history":[{"count":19,"href":"https:\/\/categero.org.br\/antigo\/index.php?rest_route=\/wp\/v2\/pages\/11223\/revisions"}],"predecessor-version":[{"id":13098,"href":"https:\/\/categero.org.br\/antigo\/index.php?rest_route=\/wp\/v2\/pages\/11223\/revisions\/13098"}],"up":[{"embeddable":true,"href":"https:\/\/categero.org.br\/antigo\/index.php?rest_route=\/wp\/v2\/pages\/3719"}],"wp:featuredmedia":[{"embeddable":true,"href":"https:\/\/categero.org.br\/antigo\/index.php?rest_route=\/wp\/v2\/media\/11225"}],"wp:attachment":[{"href":"https:\/\/categero.org.br\/antigo\/index.php?rest_route=%2Fwp%2Fv2%2Fmedia&parent=11223"}],"curies":[{"name":"wp","href":"https:\/\/api.w.org\/{rel}","templated":true}]}}