{"id":111,"date":"2010-10-01T00:38:59","date_gmt":"2010-10-01T00:38:59","guid":{"rendered":"http:\/\/www.categero.org.br\/?page_id=111"},"modified":"2014-03-25T16:20:43","modified_gmt":"2014-03-25T19:20:43","slug":"rio-de-janeirorj-paroquia-nossa-senhora-da-anunciacao","status":"publish","type":"page","link":"https:\/\/categero.org.br\/antigo\/?page_id=111","title":{"rendered":"RJ\/Rio de Janeiro &#8211; Par\u00f3quia Nossa Senhora da Anuncia\u00e7\u00e3o da M\u00e3e de Deus"},"content":{"rendered":"<p style=\"text-align: center;\"><a href=\"http:\/\/categero.org.br\/wp-content\/uploads\/2010\/10\/Igr-NSAnMDeusRJ.jpg\"><img loading=\"lazy\" decoding=\"async\" class=\"aligncenter size-medium wp-image-7027\" alt=\"Igr NSAnMDeusRJ\" src=\"http:\/\/categero.org.br\/wp-content\/uploads\/2010\/10\/Igr-NSAnMDeusRJ-300x224.jpg\" width=\"300\" height=\"224\" srcset=\"https:\/\/categero.org.br\/antigo\/wp-content\/uploads\/2010\/10\/Igr-NSAnMDeusRJ-300x224.jpg 300w, https:\/\/categero.org.br\/antigo\/wp-content\/uploads\/2010\/10\/Igr-NSAnMDeusRJ-495x371.jpg 495w, https:\/\/categero.org.br\/antigo\/wp-content\/uploads\/2010\/10\/Igr-NSAnMDeusRJ-80x60.jpg 80w, https:\/\/categero.org.br\/antigo\/wp-content\/uploads\/2010\/10\/Igr-NSAnMDeusRJ-161x120.jpg 161w, https:\/\/categero.org.br\/antigo\/wp-content\/uploads\/2010\/10\/Igr-NSAnMDeusRJ.jpg 567w\" sizes=\"auto, (max-width: 300px) 100vw, 300px\" \/><\/a><\/p>\n<p style=\"text-align: center;\"><strong><em>\u00a0Fa\u00e7a agora, neste linck, \u00a0um\u00a0 &#8220;<\/em><\/strong><a href=\"http:\/\/issuu.com\/categero.br\/docs\/museu\/20\"><strong><em>Tour Virtual<\/em><\/strong><\/a><strong><em>&#8221; no Museu de Categer\u00f3<\/em><\/strong><\/p>\n<p style=\"text-align: center;\"><a href=\"http:\/\/categero.org.br\/wp-content\/uploads\/2010\/10\/Tour-no-Museu.jpg\"><img loading=\"lazy\" decoding=\"async\" class=\"aligncenter size-medium wp-image-7011\" alt=\"Tour no Museu\" src=\"http:\/\/categero.org.br\/wp-content\/uploads\/2010\/10\/Tour-no-Museu-300x149.jpg\" width=\"300\" height=\"149\" srcset=\"https:\/\/categero.org.br\/antigo\/wp-content\/uploads\/2010\/10\/Tour-no-Museu-300x149.jpg 300w, https:\/\/categero.org.br\/antigo\/wp-content\/uploads\/2010\/10\/Tour-no-Museu.jpg 397w\" sizes=\"auto, (max-width: 300px) 100vw, 300px\" \/><\/a><\/p>\n<p>H\u00e1 um Museu de imagens de Santo Ant\u00f4nio de \u00a0Categer\u00f3 na Par\u00f3quia Nossa Senhora da Anuncia\u00e7\u00e3o da M\u00e3e de Deus, no Rio de Janeiro. \u00c9 uma igreja Cat\u00f3lica Ortodoxa Grega e encontramos, na internet, informa\u00e7\u00f5es de ser uma destas imagens\u00a0&#8211; verdadeira, e de ter vindo da \u00c1frica. (fato de que n\u00e3o fizemos ainda confirma\u00e7\u00e3o)<br \/>\nA Par\u00f3quia Nossa Senhora da Anuncia\u00e7\u00e3o tem uma antiga e forte devo\u00e7\u00e3o a Santo Ant\u00f4nio de Categer\u00f3 no bairro da Penha no Rio de Janeiro, anterior a pr\u00f3pria igreja atual. A devo\u00e7\u00e3o vem desde quando essa igreja pertencia a outra congrega\u00e7\u00e3o cat\u00f3lica. A atual gest\u00e3o, Cat\u00f3lica Ortodoxa, recebeu da antiga igreja de Santo Ant\u00f4nio de Categer\u00f3, na rua Leopoldina Rego, 917, tamb\u00e9m na Penha, todo mataerial devocional que l\u00e1 existia sobre Categer\u00f3.<\/p>\n<p>Par\u00f3quia Nossa Senhora da Anuncia\u00e7\u00e3o da M\u00e3e de Deus<br \/>\nEndere\u00e7o: Rua Ipojuca,54 (Transversal \u00e0 Rua Aimor\u00e9), Penha, Rio de Janeiro.<br \/>\nFone: (21) 2573-9126 &#8211; Documenta\u00e7\u00e3o da igreja informa que os \u00f4nibus: 721, 622, 621 (Penha e Seans Penha) e 679 (Grot\u00e3o x Meiyer) s\u00e3o indicativos de localiza\u00e7\u00e3o do templo.<\/p>\n<p>Outra informa\u00e7\u00e3o de localiza\u00e7\u00e3o \u00e9\u00a0situar-se, a igreja, na Vila Cruzeiro, ao Sop\u00e9 do Morro do Alem\u00e3o e tamb\u00e9m da Igreja da Penha. Palco das opera\u00e7\u00f5es polciais que culminaram com a retomada pelo Estado de zonas e localidades que estavam fora de seu controle.<\/p>\n<p style=\"text-align: center;\"><a href=\"http:\/\/www.categero.org.br\/wp-content\/uploads\/2010\/10\/DSC05927.jpg\"><img loading=\"lazy\" decoding=\"async\" class=\"size-medium wp-image-1600  aligncenter\" title=\"DSC05927\" alt=\"\" src=\"http:\/\/www.categero.org.br\/wp-content\/uploads\/2010\/10\/DSC05927-224x300.jpg\" width=\"224\" height=\"300\" \/><\/a><\/p>\n<p>O templo \u00e9 um pequeno, mas muito acolhedor.\u00a0Sua ornamenta\u00e7\u00e3o \u00e9 a t\u00edpica dos Cat\u00f3licos Ortodoxos.\u00a0Como antigamente,\u00a0a casa ao lado se encarrega de\u00a0 localizar o\u00a0cl\u00e9rigo ou \u00a0trocar recados. Inclui um cartaz sobre isso afixado na pr\u00f3pria igreja. Seu P\u00e1roco \u00e9 Dom Athanasio, que ao final das missas, com a voz empostada &#8211; usual de todo seu rito lit\u00fargico, reza a &#8220;Ora\u00e7\u00e3o de Categer\u00f3&#8221;, digna de ser utilizada como elemento de fundo para um audiovisiual que expusesse as imagens do Museu, durante a alocu\u00e7\u00e3o.<\/p>\n<p>Visite o\u00a0acervo de Santo Ant\u00f4nio de Categer\u00f3 nesta igreja.<\/p>\n<p>Fa\u00e7a \u00a0um &#8220;<a href=\"http:\/\/issuu.com\/categero.br\/docs\/museu\/20\">Tour Virtual<\/a>&#8221; pelo acervo de Categer\u00f3 da Igreja N\u00aaS\u00aa da Anuncia\u00e7\u00e3o da M\u00e3e de Deus, no bairro Penha, na cidade do Rio de Janeiro. Quando abrir o linck reduza duas vezes o zoom (-).<\/p>\n<p>Uma vis\u00e3o do Museu de Categer\u00f3 que se encontra postada no\u00a0<a href=\"http:\/\/www.flickr.com\/photos\/categero\/sets\/72157627623959560\/\">Flickr<\/a><\/p>\n","protected":false},"excerpt":{"rendered":"<p>\u00a0Fa\u00e7a agora, neste linck, \u00a0um\u00a0 &#8220;Tour Virtual&#8221; no Museu de Categer\u00f3 H\u00e1 um Museu de imagens de Santo Ant\u00f4nio de \u00a0Categer\u00f3 na Par\u00f3quia Nossa Senhora da Anuncia\u00e7\u00e3o da M\u00e3e de Deus, no Rio de Janeiro. \u00c9 uma igreja Cat\u00f3lica Ortodoxa Grega e encontramos, na internet, informa\u00e7\u00f5es de ser uma destas imagens\u00a0&#8211; verdadeira, e de ter [&hellip;]<\/p>\n","protected":false},"author":1,"featured_media":7027,"parent":8865,"menu_order":0,"comment_status":"closed","ping_status":"closed","template":"","meta":{"ngg_post_thumbnail":0,"footnotes":""},"class_list":["post-111","page","type-page","status-publish","has-post-thumbnail","hentry"],"_links":{"self":[{"href":"https:\/\/categero.org.br\/antigo\/index.php?rest_route=\/wp\/v2\/pages\/111","targetHints":{"allow":["GET"]}}],"collection":[{"href":"https:\/\/categero.org.br\/antigo\/index.php?rest_route=\/wp\/v2\/pages"}],"about":[{"href":"https:\/\/categero.org.br\/antigo\/index.php?rest_route=\/wp\/v2\/types\/page"}],"author":[{"embeddable":true,"href":"https:\/\/categero.org.br\/antigo\/index.php?rest_route=\/wp\/v2\/users\/1"}],"replies":[{"embeddable":true,"href":"https:\/\/categero.org.br\/antigo\/index.php?rest_route=%2Fwp%2Fv2%2Fcomments&post=111"}],"version-history":[{"count":11,"href":"https:\/\/categero.org.br\/antigo\/index.php?rest_route=\/wp\/v2\/pages\/111\/revisions"}],"predecessor-version":[{"id":7010,"href":"https:\/\/categero.org.br\/antigo\/index.php?rest_route=\/wp\/v2\/pages\/111\/revisions\/7010"}],"up":[{"embeddable":true,"href":"https:\/\/categero.org.br\/antigo\/index.php?rest_route=\/wp\/v2\/pages\/8865"}],"wp:featuredmedia":[{"embeddable":true,"href":"https:\/\/categero.org.br\/antigo\/index.php?rest_route=\/wp\/v2\/media\/7027"}],"wp:attachment":[{"href":"https:\/\/categero.org.br\/antigo\/index.php?rest_route=%2Fwp%2Fv2%2Fmedia&parent=111"}],"curies":[{"name":"wp","href":"https:\/\/api.w.org\/{rel}","templated":true}]}}