{"id":1080,"date":"2010-10-26T15:52:24","date_gmt":"2010-10-26T15:52:24","guid":{"rendered":"http:\/\/www.categero.org.br\/?page_id=1080"},"modified":"2013-12-13T09:24:05","modified_gmt":"2013-12-13T12:24:05","slug":"1995paduaitalia-identificacao-de-santo-antonio","status":"publish","type":"page","link":"https:\/\/categero.org.br\/antigo\/?page_id=1080","title":{"rendered":"P\u00e1dua\/It\u00e1lia\/1995 &#8211; Identifica\u00e7\u00e3o de Santo Ant\u00f4nio"},"content":{"rendered":"<p><strong>A IDENTIFICA\u00c7\u00c3O DE SANTO ANT\u00d4NIONOS CULTOS AFRO-BRASILEIROS: <\/strong><\/p>\n<p>nossa c\u00f3pia <a href=\"http:\/\/www.categero.org.br\/wp-content\/uploads\/2010\/10\/DOC.docx\">DOC<\/a><\/p>\n<p>RESUMO: Palestra de Frei Francisco Van Der Poel ofm, no Oitavo Centen\u00e1rio do Nascimento de Santo Ant\u00f4nio. 21 de outubro de 1995 &#8211; P\u00e1dua, It\u00e1lia.\u00a0 Senhoras e Senhores, P A Z\u00a0 E\u00a0 B E M ! Vamos tratar de um assunto bem complicado que implica conhecimentos da hist\u00f3ria da Igreja no Brasil, dos cultos afro-brasileiros e das tradi\u00e7\u00f5es orais oriundas de Portugal. De antem\u00e3o, pe\u00e7o desculpas pela inevit\u00e1vel simplifica\u00e7\u00e3o em algumas partes.Apresento primeiro um breve resumo do trabalho. Olhamos um pouco Santo Ant\u00f4nio na religiosidade popular brasileira. Entre as muitas manifesta\u00e7\u00f5es de devo\u00e7\u00e3o antoniana nos\u00a0 &#8230;.<\/p>\n<p>Local de onde foi retirado este material: <a href=\"http:\/\/www.religiosidadepopular.uaivip.com.br\/antonio.htm\">http:\/\/www.religiosidadepopular.uaivip.com.br\/antonio.htm<\/a><\/p>\n","protected":false},"excerpt":{"rendered":"<p>A IDENTIFICA\u00c7\u00c3O DE SANTO ANT\u00d4NIONOS CULTOS AFRO-BRASILEIROS: nossa c\u00f3pia DOC RESUMO: Palestra de Frei Francisco Van Der Poel ofm, no Oitavo Centen\u00e1rio do Nascimento de Santo Ant\u00f4nio. 21 de outubro de 1995 &#8211; P\u00e1dua, It\u00e1lia.\u00a0 Senhoras e Senhores, P A Z\u00a0 E\u00a0 B E M ! Vamos tratar de um assunto bem complicado que implica [&hellip;]<\/p>\n","protected":false},"author":1,"featured_media":0,"parent":3844,"menu_order":0,"comment_status":"closed","ping_status":"closed","template":"","meta":{"ngg_post_thumbnail":0,"footnotes":""},"class_list":["post-1080","page","type-page","status-publish","hentry"],"_links":{"self":[{"href":"https:\/\/categero.org.br\/antigo\/index.php?rest_route=\/wp\/v2\/pages\/1080","targetHints":{"allow":["GET"]}}],"collection":[{"href":"https:\/\/categero.org.br\/antigo\/index.php?rest_route=\/wp\/v2\/pages"}],"about":[{"href":"https:\/\/categero.org.br\/antigo\/index.php?rest_route=\/wp\/v2\/types\/page"}],"author":[{"embeddable":true,"href":"https:\/\/categero.org.br\/antigo\/index.php?rest_route=\/wp\/v2\/users\/1"}],"replies":[{"embeddable":true,"href":"https:\/\/categero.org.br\/antigo\/index.php?rest_route=%2Fwp%2Fv2%2Fcomments&post=1080"}],"version-history":[{"count":2,"href":"https:\/\/categero.org.br\/antigo\/index.php?rest_route=\/wp\/v2\/pages\/1080\/revisions"}],"predecessor-version":[{"id":5938,"href":"https:\/\/categero.org.br\/antigo\/index.php?rest_route=\/wp\/v2\/pages\/1080\/revisions\/5938"}],"up":[{"embeddable":true,"href":"https:\/\/categero.org.br\/antigo\/index.php?rest_route=\/wp\/v2\/pages\/3844"}],"wp:attachment":[{"href":"https:\/\/categero.org.br\/antigo\/index.php?rest_route=%2Fwp%2Fv2%2Fmedia&parent=1080"}],"curies":[{"name":"wp","href":"https:\/\/api.w.org\/{rel}","templated":true}]}}