{"id":10778,"date":"2016-07-10T22:30:42","date_gmt":"2016-07-11T01:30:42","guid":{"rendered":"http:\/\/categero.org.br\/?page_id=10778"},"modified":"2017-05-18T17:52:23","modified_gmt":"2017-05-18T20:52:23","slug":"rssao-luiz-gonzaga-capela-de-sao-paulo","status":"publish","type":"page","link":"https:\/\/categero.org.br\/antigo\/?page_id=10778","title":{"rendered":"RS\/S\u00e3o Luiz Gonzaga &#8211; Capela de S\u00e3o Paulo"},"content":{"rendered":"<p style=\"text-align: center;\"><img loading=\"lazy\" decoding=\"async\" class=\"wp-image-10779\" src=\"http:\/\/categero.org.br\/wp-content\/uploads\/2016\/07\/Capela-S\u00e3o-Paulo-em-SLuiz-Gonzaga-RS-01.jpg\" alt=\"Capela S\u00e3o Paulo em SLuiz Gonzaga - RS 01\" width=\"275\" height=\"183\" srcset=\"https:\/\/categero.org.br\/antigo\/wp-content\/uploads\/2016\/07\/Capela-S\u00e3o-Paulo-em-SLuiz-Gonzaga-RS-01.jpg 799w, https:\/\/categero.org.br\/antigo\/wp-content\/uploads\/2016\/07\/Capela-S\u00e3o-Paulo-em-SLuiz-Gonzaga-RS-01-300x200.jpg 300w, https:\/\/categero.org.br\/antigo\/wp-content\/uploads\/2016\/07\/Capela-S\u00e3o-Paulo-em-SLuiz-Gonzaga-RS-01-768x512.jpg 768w, https:\/\/categero.org.br\/antigo\/wp-content\/uploads\/2016\/07\/Capela-S\u00e3o-Paulo-em-SLuiz-Gonzaga-RS-01-495x330.jpg 495w, https:\/\/categero.org.br\/antigo\/wp-content\/uploads\/2016\/07\/Capela-S\u00e3o-Paulo-em-SLuiz-Gonzaga-RS-01-75x50.jpg 75w, https:\/\/categero.org.br\/antigo\/wp-content\/uploads\/2016\/07\/Capela-S\u00e3o-Paulo-em-SLuiz-Gonzaga-RS-01-120x80.jpg 120w\" sizes=\"auto, (max-width: 275px) 100vw, 275px\" \/><\/p>\n<p style=\"text-align: right;\"><em><strong>VEJA MAIS &nbsp; &nbsp;&nbsp;<a href=\"http:\/\/categero.org.br\/?p=12068\" target=\"_blank\" rel=\"noopener noreferrer\">Not\u00edcias &nbsp;desta capela&nbsp;em nosso Portal<\/a><\/strong><\/em><\/p>\n<p style=\"text-align: justify;\">A Capela S\u00e3o Paulo, onde encontra-se entronizada uma imagem do Beato Ant\u00f4nio de Categer\u00f3, no&nbsp;munic\u00edpio de S\u00e3o Luiz de Gonzaga, no Estado do Rio Grande do Sul, situa-se no Distrito denominado S\u00e3o Paulo, Padroeiro do Distrito e da Capela, do Interior daquele munic\u00edpio. Na cidade de Canoas\/RS, tem a igreja de S\u00e3o Paulo Ap\u00f3stolo onde, tamb\u00e9m, \u00e9 cultuado o beato.<\/p>\n<p style=\"text-align: justify;\">\u00c9 imagem existente, no altar da capela S\u00e3o Paulo, de S\u00e3o Luiz Gonzaga \u00e9 muito importante, para o portal, tanto quanto os devotos da regi\u00e3o das Miss\u00f5es. Cada ALTAR que descobrimos ou encontramos, sempre \u00e9 algo muito significativo. As mesma perguntas: Como come\u00e7ou? Quem trouxe a imagem? Se j\u00e1 ocorreu alguma noveno ou outro ato lit\u00fargico em honra ao Beato? &nbsp;Tudo que diga respeito \u00e0 devo\u00e7\u00e3o ao Beato Ant\u00f4nio de Categer\u00f3 nos \u00e9 importante.<\/p>\n<p style=\"text-align: right;\">.<\/p>\n<p style=\"text-align: right;\"><em><strong>VEJA MAIS &nbsp; &nbsp;&nbsp;<a href=\"http:\/\/categero.org.br\/?p=12068\" target=\"_blank\" rel=\"noopener noreferrer\">Not\u00edcias &nbsp;desta capela&nbsp;em nosso Portal<\/a><\/strong><\/em><\/p>\n<p style=\"text-align: center;\"><img loading=\"lazy\" decoding=\"async\" class=\"aligncenter size-full wp-image-12069\" src=\"http:\/\/categero.org.br\/wp-content\/uploads\/2017\/03\/Banner-Cidade.jpg\" alt=\"# Banner Cidade\" width=\"425\" height=\"283\" srcset=\"https:\/\/categero.org.br\/antigo\/wp-content\/uploads\/2017\/03\/Banner-Cidade.jpg 425w, https:\/\/categero.org.br\/antigo\/wp-content\/uploads\/2017\/03\/Banner-Cidade-300x200.jpg 300w, https:\/\/categero.org.br\/antigo\/wp-content\/uploads\/2017\/03\/Banner-Cidade-75x50.jpg 75w, https:\/\/categero.org.br\/antigo\/wp-content\/uploads\/2017\/03\/Banner-Cidade-120x80.jpg 120w\" sizes=\"auto, (max-width: 425px) 100vw, 425px\" \/><\/p>\n","protected":false},"excerpt":{"rendered":"<p>VEJA MAIS &nbsp; &nbsp;&nbsp;Not\u00edcias &nbsp;desta capela&nbsp;em nosso Portal A Capela S\u00e3o Paulo, onde encontra-se entronizada uma imagem do Beato Ant\u00f4nio de Categer\u00f3, no&nbsp;munic\u00edpio de S\u00e3o Luiz de Gonzaga, no Estado do Rio Grande do Sul, situa-se no Distrito denominado S\u00e3o Paulo, Padroeiro do Distrito e da Capela, do Interior daquele munic\u00edpio. Na cidade de Canoas\/RS, [&hellip;]<\/p>\n","protected":false},"author":1,"featured_media":10783,"parent":12333,"menu_order":0,"comment_status":"closed","ping_status":"closed","template":"","meta":{"ngg_post_thumbnail":0,"footnotes":""},"class_list":["post-10778","page","type-page","status-publish","has-post-thumbnail","hentry"],"_links":{"self":[{"href":"https:\/\/categero.org.br\/antigo\/index.php?rest_route=\/wp\/v2\/pages\/10778","targetHints":{"allow":["GET"]}}],"collection":[{"href":"https:\/\/categero.org.br\/antigo\/index.php?rest_route=\/wp\/v2\/pages"}],"about":[{"href":"https:\/\/categero.org.br\/antigo\/index.php?rest_route=\/wp\/v2\/types\/page"}],"author":[{"embeddable":true,"href":"https:\/\/categero.org.br\/antigo\/index.php?rest_route=\/wp\/v2\/users\/1"}],"replies":[{"embeddable":true,"href":"https:\/\/categero.org.br\/antigo\/index.php?rest_route=%2Fwp%2Fv2%2Fcomments&post=10778"}],"version-history":[{"count":5,"href":"https:\/\/categero.org.br\/antigo\/index.php?rest_route=\/wp\/v2\/pages\/10778\/revisions"}],"predecessor-version":[{"id":12370,"href":"https:\/\/categero.org.br\/antigo\/index.php?rest_route=\/wp\/v2\/pages\/10778\/revisions\/12370"}],"up":[{"embeddable":true,"href":"https:\/\/categero.org.br\/antigo\/index.php?rest_route=\/wp\/v2\/pages\/12333"}],"wp:featuredmedia":[{"embeddable":true,"href":"https:\/\/categero.org.br\/antigo\/index.php?rest_route=\/wp\/v2\/media\/10783"}],"wp:attachment":[{"href":"https:\/\/categero.org.br\/antigo\/index.php?rest_route=%2Fwp%2Fv2%2Fmedia&parent=10778"}],"curies":[{"name":"wp","href":"https:\/\/api.w.org\/{rel}","templated":true}]}}