{"id":107,"date":"2010-10-01T00:36:25","date_gmt":"2010-10-01T00:36:25","guid":{"rendered":"http:\/\/www.categero.org.br\/?page_id=107"},"modified":"2017-01-10T17:00:02","modified_gmt":"2017-01-10T20:00:02","slug":"rio-de-janeirorj-igreja-de-santo-elesbao-e-santa-efigenia","status":"publish","type":"page","link":"https:\/\/categero.org.br\/antigo\/?page_id=107","title":{"rendered":"RJ\/Rio de Janeiro &#8211; Igreja de Santo Elesb\u00e3o e Santa Efig\u00eania"},"content":{"rendered":"<p style=\"text-align: center;\"><a href=\"http:\/\/www.categero.org.br\/wp-content\/uploads\/2010\/10\/Igreja-SElesb-e-St-Ifig-RJ.jpg\"><img loading=\"lazy\" decoding=\"async\" class=\"aligncenter size-medium wp-image-108\" title=\"Igreja SElesb e St Ifig RJ\" src=\"http:\/\/www.categero.org.br\/wp-content\/uploads\/2010\/10\/Igreja-SElesb-e-St-Ifig-RJ-145x300.jpg\" alt=\"\" width=\"145\" height=\"300\" \/><\/a><\/p>\n<p>H\u00e1 uma imagem de Categer\u00f3 na Igreja de Santo Elesb\u00e3o e de Santa Efig\u00eania, no Rio de Janeiro.<br \/>\nA imagem est\u00e1 acondicianada em uma caixa envidra\u00e7ada. A informa\u00e7\u00e3o foi obtida no Boletim do CEIB, volume 8, n\u00famero 28, de julho de 2004, p\u00e1g. 2 e 3, no trabalho publicado por Ivan R\u00eago Arag\u00e3o, denominado: &#8220;Santo Ant\u00f4nio de Categer\u00f3: An\u00e1lise Sociocultural de uma Imagem, onde consta a foto da caixa com Categer\u00f3.<\/p>\n<p>Endere\u00e7o: Igreja de Santo Elesb\u00e3o e de Santa Efig\u00eania<br \/>\nRua da Alf\u00e2ndega, 219 com hor\u00e1rios de funcionamento pela manh\u00e3.<br \/>\nFones (21) 2531 7671 e (21) 2222 1465<\/p>\n<p>(Nota do Portal)<br \/>\n&#8211; O texto citado de Ivan R\u00eago Arag\u00e3o est\u00e1 dispon\u00edvel <a href=\"http:\/\/categero.org.br\/wp-content\/uploads\/2010\/08\/Doc.doc\">Doc<\/a> ).<\/p>\n<p style=\"text-align: center;\"><a href=\"http:\/\/www.categero.org.br\/wp-content\/uploads\/2010\/10\/S.Elesb-e-S.Efig-RJ.jpg\"><img loading=\"lazy\" decoding=\"async\" class=\"aligncenter size-full wp-image-1227\" title=\"S.Elesb e S.Efig RJ\" src=\"http:\/\/www.categero.org.br\/wp-content\/uploads\/2010\/10\/S.Elesb-e-S.Efig-RJ.jpg\" alt=\"\" width=\"75\" height=\"75\" \/><\/a><\/p>\n<p>A tarde do dia 30 de dezembro de 2010 visitei a igreja\u00a0de Santo Elesb\u00e3o e Santa Efig\u00eania, no Rio de Janeiro, e entendi o motivo de ter encontrado na internet, somente a foto acima, como um recorte em perspectiva de baixo para cima da fachada do templo. A igreja estava fechada.\u00a0Dificilmente, se eu n\u00e3o estivesse procurando a igreja poderia encontr\u00e1-la, j\u00e1 que\u00a0 o n\u00ba 219, que \u00e9 seu endere\u00e7o, na antiga e\u00a0estreita rua da Alf\u00e2ndega, est\u00e1 impresso em tipos grandes e vermelhos,\u00a0compondo um\u00a0comercial,\u00a0na barra de um\u00a0toldo\u00a0comercial ali existente,\u00a0que parece pertencer ao templo.<\/p>\n<p><a href=\"http:\/\/www.categero.org.br\/wp-content\/uploads\/2010\/10\/Igr-SESE-RJ.jpg\"><img loading=\"lazy\" decoding=\"async\" class=\"alignleft size-medium wp-image-1632\" title=\"Igr SESE RJ\" src=\"http:\/\/www.categero.org.br\/wp-content\/uploads\/2010\/10\/Igr-SESE-RJ-300x224.jpg\" alt=\"\" width=\"300\" height=\"224\" \/><\/a><\/p>\n<p style=\"text-align: right;\">Voltei\u00a0(tr\u00eas dias depois),\u00a0na manh\u00e3 do dia 2 de janeiro<a href=\"http:\/\/www.categero.org.br\/wp-content\/uploads\/2010\/10\/Fach-SESE-RJ.jpg\"><img loading=\"lazy\" decoding=\"async\" class=\"alignright size-medium wp-image-1634\" title=\"Fach SESE RJ\" src=\"http:\/\/www.categero.org.br\/wp-content\/uploads\/2010\/10\/Fach-SESE-RJ-225x300.jpg\" alt=\"\" width=\"225\" height=\"300\" \/><\/a> de\u00a0\u00a02011.\u00a0Encontrei uma missa em desenvolvimento com boa frequencia e bastante animada. Era ministrada por um Pe. eloquente e t\u00e9 mesmo teatral. \u00a0A\u00ed, pude ent\u00e3o\u00a0ter meu encontro com\u00a0a\u00a0imagem\u00a0de Categer\u00f3,\u00a0que creio, tem\u00a0mais de 80 cm de altura e se encontra\u00a0acondicianado na caixa\u00a0\u00a0envidra\u00e7ada, conforme a foto acima neste site. Mas continuo chocado com a vis\u00e3o externa que se tive deste valoroso patrim\u00f4nio hist\u00f3rico do catolicismo carioca.<\/p>\n<p style=\"text-align: right;\">\n","protected":false},"excerpt":{"rendered":"<p>H\u00e1 uma imagem de Categer\u00f3 na Igreja de Santo Elesb\u00e3o e de Santa Efig\u00eania, no Rio de Janeiro. A imagem est\u00e1 acondicianada em uma caixa envidra\u00e7ada. A informa\u00e7\u00e3o foi obtida no Boletim do CEIB, volume 8, n\u00famero 28, de julho de 2004, p\u00e1g. 2 e 3, no trabalho publicado por Ivan R\u00eago Arag\u00e3o, denominado: &#8220;Santo [&hellip;]<\/p>\n","protected":false},"author":1,"featured_media":8522,"parent":8865,"menu_order":0,"comment_status":"closed","ping_status":"closed","template":"","meta":{"ngg_post_thumbnail":0,"footnotes":""},"class_list":["post-107","page","type-page","status-publish","has-post-thumbnail","hentry"],"_links":{"self":[{"href":"https:\/\/categero.org.br\/antigo\/index.php?rest_route=\/wp\/v2\/pages\/107","targetHints":{"allow":["GET"]}}],"collection":[{"href":"https:\/\/categero.org.br\/antigo\/index.php?rest_route=\/wp\/v2\/pages"}],"about":[{"href":"https:\/\/categero.org.br\/antigo\/index.php?rest_route=\/wp\/v2\/types\/page"}],"author":[{"embeddable":true,"href":"https:\/\/categero.org.br\/antigo\/index.php?rest_route=\/wp\/v2\/users\/1"}],"replies":[{"embeddable":true,"href":"https:\/\/categero.org.br\/antigo\/index.php?rest_route=%2Fwp%2Fv2%2Fcomments&post=107"}],"version-history":[{"count":5,"href":"https:\/\/categero.org.br\/antigo\/index.php?rest_route=\/wp\/v2\/pages\/107\/revisions"}],"predecessor-version":[{"id":11328,"href":"https:\/\/categero.org.br\/antigo\/index.php?rest_route=\/wp\/v2\/pages\/107\/revisions\/11328"}],"up":[{"embeddable":true,"href":"https:\/\/categero.org.br\/antigo\/index.php?rest_route=\/wp\/v2\/pages\/8865"}],"wp:featuredmedia":[{"embeddable":true,"href":"https:\/\/categero.org.br\/antigo\/index.php?rest_route=\/wp\/v2\/media\/8522"}],"wp:attachment":[{"href":"https:\/\/categero.org.br\/antigo\/index.php?rest_route=%2Fwp%2Fv2%2Fmedia&parent=107"}],"curies":[{"name":"wp","href":"https:\/\/api.w.org\/{rel}","templated":true}]}}