{"id":10670,"date":"2016-07-02T13:10:27","date_gmt":"2016-07-02T16:10:27","guid":{"rendered":"http:\/\/categero.org.br\/?page_id=10670"},"modified":"2017-05-18T17:52:05","modified_gmt":"2017-05-18T20:52:05","slug":"o-beato-de-categero-esta-no-caminhos-da-fe-de-santo-antonio-da-patrulha-no-rio-grande-do-sul","status":"publish","type":"page","link":"https:\/\/categero.org.br\/antigo\/?page_id=10670","title":{"rendered":"RS\/Santo Ant\u00f4nio da Patrulha &#8211; O beato de Categer\u00f3 no &#8220;Caminhos da F\u00e9&#8221;"},"content":{"rendered":"<p>&nbsp;<\/p>\n<h3 style=\"text-align: center;\"><img loading=\"lazy\" decoding=\"async\" class=\"aligncenter wp-image-10679\" src=\"http:\/\/categero.org.br\/wp-content\/uploads\/2016\/07\/Categer\u00f3-and-Tilton.jpg\" alt=\"Categer\u00f3 and Tilton\" width=\"294\" height=\"214\" srcset=\"https:\/\/categero.org.br\/antigo\/wp-content\/uploads\/2016\/07\/Categer\u00f3-and-Tilton.jpg 509w, https:\/\/categero.org.br\/antigo\/wp-content\/uploads\/2016\/07\/Categer\u00f3-and-Tilton-300x219.jpg 300w, https:\/\/categero.org.br\/antigo\/wp-content\/uploads\/2016\/07\/Categer\u00f3-and-Tilton-495x361.jpg 495w, https:\/\/categero.org.br\/antigo\/wp-content\/uploads\/2016\/07\/Categer\u00f3-and-Tilton-50x35.jpg 50w, https:\/\/categero.org.br\/antigo\/wp-content\/uploads\/2016\/07\/Categer\u00f3-and-Tilton-90x65.jpg 90w\" sizes=\"auto, (max-width: 294px) 100vw, 294px\" \/><\/h3>\n<p style=\"text-align: center;\"><b>Uma imagem do beato Ant\u00f4nio de Categer\u00f3 neste &#8220;Caminhos da F\u00e9&#8221;<\/b><\/p>\n<div class=\"separator\" style=\"text-align: center;\"><img loading=\"lazy\" decoding=\"async\" class=\"aligncenter size-full wp-image-10673\" src=\"http:\/\/categero.org.br\/wp-content\/uploads\/2016\/07\/Luciana-Lee_sto_antonio-copy.jpg\" alt=\"Luciana Lee_sto_antonio copy\" width=\"297\" height=\"223\" srcset=\"https:\/\/categero.org.br\/antigo\/wp-content\/uploads\/2016\/07\/Luciana-Lee_sto_antonio-copy.jpg 297w, https:\/\/categero.org.br\/antigo\/wp-content\/uploads\/2016\/07\/Luciana-Lee_sto_antonio-copy-80x60.jpg 80w, https:\/\/categero.org.br\/antigo\/wp-content\/uploads\/2016\/07\/Luciana-Lee_sto_antonio-copy-161x120.jpg 161w\" sizes=\"auto, (max-width: 297px) 100vw, 297px\" \/><\/div>\n<div class=\"separator\" style=\"text-align: right;\"><a href=\"http:\/\/categero.org.br\/?p=10669\" target=\"_blank\" rel=\"noopener noreferrer\"><span style=\"color: #0000ff;\"><em><strong><span style=\"text-decoration: underline;\"><span style=\"color: #0000ff; text-decoration: underline;\">Veja \u00e0s &nbsp;Not\u00edcias &nbsp;de&nbsp;Categer\u00f3<\/span><\/span><\/strong><span style=\"text-decoration: underline;\"><span style=\"color: #0000ff; text-decoration: underline;\"><strong>&nbsp;<\/strong><strong>nesse local<\/strong><\/span><\/span><\/em><\/span><\/a><\/div>\n<div class=\"separator\"><span style=\"color: #00ff00;\"><strong>Caminhos da F\u00e9<\/strong><\/span><\/div>\n<div class=\"separator\">&nbsp; &nbsp; &nbsp; &nbsp; &nbsp; &nbsp; &nbsp; &nbsp;Espa\u00e7o tur\u00edstico e de ora\u00e7\u00f5es, localizado em trecho da rua 15 de Novembro, a Prefeitura Municipal de Santo Ant\u00f4nio da Patrulha, com o apoio da Par\u00f3quia Santo Ant\u00f4nio, criou os \u201cCaminhos da F\u00e9\u201d.<\/div>\n<div class=\"separator\">&nbsp; &nbsp; &nbsp; &nbsp; &nbsp; &nbsp; &nbsp; &nbsp; Ao longo deste caminho, arborizado e iluminado foram instaladas capelas com imagens de santos escolhidos pela comunidade, impulsionando o turismo religioso na regi\u00e3o, al\u00e9m de retratar tamb\u00e9m a hist\u00f3ria dos colonizadores luso-a\u00e7orianos.<\/div>\n<div class=\"separator\">&nbsp; &nbsp; &nbsp; &nbsp; &nbsp; &nbsp; &nbsp; &nbsp; Nossa fonte desta informa\u00e7\u00e3o \u00e9 o devoto de Santo Ant\u00f4nio de Categer\u00f3, Tilton Martins dos Santos, que trabalhou na cria\u00e7\u00e3o deste ponto tur\u00edstico da cidade der Santo Ant\u00f4nio da Patrulha\/RS, onde o beato de Categer\u00f3 \u00e9 uma das 18 devo\u00e7\u00f5es que comp\u00f5e o caminho. Tilton conheceu essa devo\u00e7\u00e3o atrav\u00e9s de sua esposa Janete Odila Novosady, logo ao in\u00edcio de seu casamento.<\/div>\n<div class=\"separator\" style=\"text-align: center;\">&#8212;&#8211;<\/div>\n<div class=\"separator\" style=\"text-align: center;\">Estamos buscando informa\u00e7\u00f5es, dados e fotos, sobre o caminho e o local do beato no caminho.<\/div>\n<div class=\"separator\" style=\"text-align: center;\"><img loading=\"lazy\" decoding=\"async\" class=\"aligncenter wp-image-10674\" src=\"http:\/\/categero.org.br\/wp-content\/uploads\/2016\/07\/banner-Caminhos-da-f\u00e9.jpg\" alt=\"banner Caminhos da f\u00e9\" width=\"602\" height=\"301\" srcset=\"https:\/\/categero.org.br\/antigo\/wp-content\/uploads\/2016\/07\/banner-Caminhos-da-f\u00e9.jpg 760w, https:\/\/categero.org.br\/antigo\/wp-content\/uploads\/2016\/07\/banner-Caminhos-da-f\u00e9-300x150.jpg 300w, https:\/\/categero.org.br\/antigo\/wp-content\/uploads\/2016\/07\/banner-Caminhos-da-f\u00e9-495x248.jpg 495w\" sizes=\"auto, (max-width: 602px) 100vw, 602px\" \/><\/div>\n<div class=\"separator\" style=\"text-align: right;\">&nbsp;<\/div>\n<div class=\"separator\" style=\"text-align: justify;\">\n<p>O Caminho Ga\u00facho de Santiago foi inaugurado no dia 19 de Outubro de 2014 e foi escolhido pelo C\u00f4nsul espanhol Jos\u00e9 Pablo Aguilar, pela semelhan\u00e7a do local com o caminho espanhol.O percurso \u00e9 todo sinalizado por placas azuis, setas amarelas e conchas (vieiras), que indicam o caminho a ser percorrido. A sinaliza\u00e7\u00e3o permite que o trajeto seja realizado pelos caminhantes em qualquer dia.<\/p>\n<p>O trajeto tem 12 km, e se assemelha aos \u00faltimos 100 km do caminho espanhol. A caminhada inicia na Pra\u00e7a Arquip\u00e9lago dos A\u00e7ores (em frente a Igreja Matriz), de onde os participantes seguir\u00e3o pela Av. Borges de Medeiros, at\u00e9 a Rua Jo\u00e3o Pedroso da Luz e em seguida pela Rua \u00c2ngelo Tedesco (em frente ao Parque da Guarda), at\u00e9 a Rua Adolfo Krech Filho, em dire\u00e7\u00e3o \u00e0 localidade de Palmeira do Sert\u00e3o, encerrando na ERS-030 junto \u00e0 Lagoa dos Barros<\/p>\n<\/div>\n","protected":false},"excerpt":{"rendered":"<p>&nbsp; Uma imagem do beato Ant\u00f4nio de Categer\u00f3 neste &#8220;Caminhos da F\u00e9&#8221; Veja \u00e0s &nbsp;Not\u00edcias &nbsp;de&nbsp;Categer\u00f3&nbsp;nesse local Caminhos da F\u00e9 &nbsp; &nbsp; &nbsp; &nbsp; &nbsp; &nbsp; &nbsp; &nbsp;Espa\u00e7o tur\u00edstico e de ora\u00e7\u00f5es, localizado em trecho da rua 15 de Novembro, a Prefeitura Municipal de Santo Ant\u00f4nio da Patrulha, com o apoio da Par\u00f3quia Santo Ant\u00f4nio, [&hellip;]<\/p>\n","protected":false},"author":1,"featured_media":10679,"parent":12333,"menu_order":0,"comment_status":"closed","ping_status":"closed","template":"","meta":{"ngg_post_thumbnail":0,"footnotes":""},"class_list":["post-10670","page","type-page","status-publish","has-post-thumbnail","hentry"],"_links":{"self":[{"href":"https:\/\/categero.org.br\/antigo\/index.php?rest_route=\/wp\/v2\/pages\/10670","targetHints":{"allow":["GET"]}}],"collection":[{"href":"https:\/\/categero.org.br\/antigo\/index.php?rest_route=\/wp\/v2\/pages"}],"about":[{"href":"https:\/\/categero.org.br\/antigo\/index.php?rest_route=\/wp\/v2\/types\/page"}],"author":[{"embeddable":true,"href":"https:\/\/categero.org.br\/antigo\/index.php?rest_route=\/wp\/v2\/users\/1"}],"replies":[{"embeddable":true,"href":"https:\/\/categero.org.br\/antigo\/index.php?rest_route=%2Fwp%2Fv2%2Fcomments&post=10670"}],"version-history":[{"count":13,"href":"https:\/\/categero.org.br\/antigo\/index.php?rest_route=\/wp\/v2\/pages\/10670\/revisions"}],"predecessor-version":[{"id":12369,"href":"https:\/\/categero.org.br\/antigo\/index.php?rest_route=\/wp\/v2\/pages\/10670\/revisions\/12369"}],"up":[{"embeddable":true,"href":"https:\/\/categero.org.br\/antigo\/index.php?rest_route=\/wp\/v2\/pages\/12333"}],"wp:featuredmedia":[{"embeddable":true,"href":"https:\/\/categero.org.br\/antigo\/index.php?rest_route=\/wp\/v2\/media\/10679"}],"wp:attachment":[{"href":"https:\/\/categero.org.br\/antigo\/index.php?rest_route=%2Fwp%2Fv2%2Fmedia&parent=10670"}],"curies":[{"name":"wp","href":"https:\/\/api.w.org\/{rel}","templated":true}]}}