{"id":10570,"date":"2016-06-01T14:14:35","date_gmt":"2016-06-01T17:14:35","guid":{"rendered":"http:\/\/categero.org.br\/?page_id=10570"},"modified":"2016-06-05T11:47:58","modified_gmt":"2016-06-05T14:47:58","slug":"rjvassouras-e-o-beato-antonio-de-categero-historico-nesta-cidade-carioca","status":"publish","type":"page","link":"https:\/\/categero.org.br\/antigo\/?page_id=10570","title":{"rendered":"RJ\/Vassouras e o Beato Ant\u00f4nio de Categer\u00f3 hist\u00f3rico, nesta cidade carioca"},"content":{"rendered":"<p style=\"text-align: center;\"><img loading=\"lazy\" decoding=\"async\" class=\"aligncenter wp-image-10583\" src=\"http:\/\/categero.org.br\/wp-content\/uploads\/2016\/06\/Vassouras-bras\u00e3o.jpg\" alt=\"Vassouras - bras\u00e3o\" width=\"133\" height=\"153\" srcset=\"https:\/\/categero.org.br\/antigo\/wp-content\/uploads\/2016\/06\/Vassouras-bras\u00e3o.jpg 286w, https:\/\/categero.org.br\/antigo\/wp-content\/uploads\/2016\/06\/Vassouras-bras\u00e3o-262x300.jpg 262w\" sizes=\"auto, (max-width: 133px) 100vw, 133px\" \/><\/p>\n<p style=\"text-align: right;\"><span style=\"color: #0000ff;\"><em><strong>Postagens de\u00a0Categer\u00f3\u00a0em Vassouras\/RJ ao final desta p\u00e1gina<\/strong><\/em><\/span><\/p>\n<p>Em 1847, a cidade de Vassouras, na regi\u00e3o de Maca\u00e9, no Estado do Rio de Janeiro encontramos\u00a0alguns<br \/>\nvest\u00edgios hist\u00f3ricos de uma forte e diferenciada devo\u00e7\u00e3o ao Beato Ant\u00f4nio de Categer\u00f3.\u00a0Do ponto de vista<img loading=\"lazy\" decoding=\"async\" class=\"wp-image-10582 alignright\" src=\"http:\/\/categero.org.br\/wp-content\/uploads\/2016\/06\/mapa_rj_regiona-Iluml.jpg\" alt=\"mapa_rj_regiona Iluml\" width=\"332\" height=\"234\" srcset=\"https:\/\/categero.org.br\/antigo\/wp-content\/uploads\/2016\/06\/mapa_rj_regiona-Iluml.jpg 1242w, https:\/\/categero.org.br\/antigo\/wp-content\/uploads\/2016\/06\/mapa_rj_regiona-Iluml-300x211.jpg 300w, https:\/\/categero.org.br\/antigo\/wp-content\/uploads\/2016\/06\/mapa_rj_regiona-Iluml-768x540.jpg 768w, https:\/\/categero.org.br\/antigo\/wp-content\/uploads\/2016\/06\/mapa_rj_regiona-Iluml-1024x720.jpg 1024w, https:\/\/categero.org.br\/antigo\/wp-content\/uploads\/2016\/06\/mapa_rj_regiona-Iluml-495x348.jpg 495w, https:\/\/categero.org.br\/antigo\/wp-content\/uploads\/2016\/06\/mapa_rj_regiona-Iluml-50x35.jpg 50w\" sizes=\"auto, (max-width: 332px) 100vw, 332px\" \/> hist\u00f3rico n\u00e3o \u00e9 um evento muito antigo, pois ainda n\u00e3o faz 170 anos dos fatos.<\/p>\n<p style=\"text-align: justify;\">Uma considera\u00e7\u00e3o importante sobre a forma\u00e7\u00e3o da cidade de Vassouras e de seu momento hist\u00f3rico com o Beato Ant\u00f4nio de Categer\u00f3:<\/p>\n<p style=\"text-align: justify;\">A \u00e1rea do vale do Para\u00edba, na sua parte do munic\u00edpio de Vassouras, \u00a0era parte do caminho novo, um dos caminhos por onde era feito o transporte de dos min\u00e9rios vindos das Minas Gerais. Mas, desde o in\u00edcio da d\u00e9cada de 1820, com a inicia\u00e7\u00e3o da planta\u00e7\u00e3o de caf\u00e9 em Vassouras, a m\u00e3o de obra utilizada era a escrava. Ela foi uma das principais bases para o apogeu da cidade de Vassouras pelo caf\u00e9. Entretanto desde 1831, com a Lei Feij\u00f3, nome dado devido a Diego Ant\u00f4nio Feij\u00f3 ministro da Justi\u00e7a da \u00e9poca, era considerado ilegal o tr\u00e1fico de escravos.<\/p>\n<p style=\"text-align: justify;\">Em 1847 a cidade foi palco de um projeto insurrecional, bastante sofisticado, todo planejado, e quase<img loading=\"lazy\" decoding=\"async\" class=\"wp-image-10581 alignright\" src=\"http:\/\/categero.org.br\/wp-content\/uploads\/2016\/06\/3.-Categer\u00f3-Meio-corpo-Color.jpg\" alt=\"3. Categer\u00f3 Meio corpo Color\" width=\"119\" height=\"157\" srcset=\"https:\/\/categero.org.br\/antigo\/wp-content\/uploads\/2016\/06\/3.-Categer\u00f3-Meio-corpo-Color.jpg 482w, https:\/\/categero.org.br\/antigo\/wp-content\/uploads\/2016\/06\/3.-Categer\u00f3-Meio-corpo-Color-227x300.jpg 227w\" sizes=\"auto, (max-width: 119px) 100vw, 119px\" \/> executado por escravos denominado Tates-Corongos, sobre o qual descreveremos \u00a0em uma postagem. Mas, se a devo\u00e7\u00e3o permeava escravos islamizados e cat\u00f3licos, ambos com algum tipo de mecanismo, que em sua f\u00e9, atuava com algo permissivo que fazia algum tipo de sincretiza\u00e7\u00e3o, nas duas formas de f\u00e9. E a esse caldo cultural\/religioso, que dava a sustenta\u00e7\u00e3o \u00e0 sedi\u00e7\u00e3o, Santo Ant\u00f4nio de Categer\u00f3, que n\u00e3o consta ter sito, objeto de sincretiza\u00e7\u00e3o pelos escravos, era como o protetor comum ou patrono de f\u00e9.<\/p>\n<p style=\"text-align: justify;\"><img loading=\"lazy\" decoding=\"async\" class=\"wp-image-10579 alignleft\" src=\"http:\/\/categero.org.br\/wp-content\/uploads\/2016\/06\/rogerio2.jpg\" alt=\"rogerio2\" width=\"148\" height=\"148\" srcset=\"https:\/\/categero.org.br\/antigo\/wp-content\/uploads\/2016\/06\/rogerio2.jpg 422w, https:\/\/categero.org.br\/antigo\/wp-content\/uploads\/2016\/06\/rogerio2-150x150.jpg 150w, https:\/\/categero.org.br\/antigo\/wp-content\/uploads\/2016\/06\/rogerio2-300x300.jpg 300w, https:\/\/categero.org.br\/antigo\/wp-content\/uploads\/2016\/06\/rogerio2-50x50.jpg 50w\" sizes=\"auto, (max-width: 148px) 100vw, 148px\" \/>O pesquisador que trouxe a lume esta experi\u00eancia foi o antrop\u00f3logo,\u00a0professor Rog\u00e9rio de Oliveira Ribas, faleceu h\u00e1 tr\u00eas anos. Ele pesquisava pela Universidade Federal Fluminense e deixou um disc\u00edpulo que haveremos de contatar. Por isso ainda n\u00e3o temos como informar dentro da cidade ou munic\u00edpio de Vassouras, onde ocorreu essa sedi\u00e7\u00e3o, que carece\u00a0de motiva\u00e7\u00e3o aos quadros pesquisa. Mas tamb\u00e9m, acreditamos que a <span class=\"_Xbe kno-fv\">Universidade Severino Sombra da cidade de Vassouras, possa abarcar, no seio acad\u00eamico,\u00a0\u00e0s pesquisas e p\u00f3s-gradua\u00e7\u00f5es, principalmente, da hist\u00f3ria, abarcar a quest\u00e3o Tates-Corongos, e talvez at\u00e9, o Beato Ant\u00f4nio de Categer\u00f3.<\/span><\/p>\n<p style=\"text-align: right;\">.<\/p>\n<p style=\"text-align: right;\"><span style=\"color: #0000ff;\"><em><strong>Postagens de\u00a0Categer\u00f3\u00a0em Vassouras\/RJ\u00a0<\/strong><\/em><\/span><\/p>\n<ul>\n<li><em><strong><span style=\"color: #3366ff;\"><a style=\"color: #3366ff;\" href=\"http:\/\/categero.org.br\/?p=10542\" target=\"_blank\">O beato Ant\u00f4nio de Categer\u00f3 e o Tates-Corongos no Brasil Imperial<\/a><\/span><\/strong><\/em><\/li>\n<li><span style=\"color: #3366ff;\"><em><strong><a style=\"color: #3366ff;\" href=\"http:\/\/categero.org.br\/?p=10588\" target=\"_blank\">Algumas divaga\u00e7\u00f5es sobre o Tates -Corongos<\/a><\/strong><\/em><\/span><\/li>\n<li>Qual a possiblidade de uma sucess\u00e3o na pesquisa de Tates-Corongos?<\/li>\n<\/ul>\n<p style=\"text-align: right;\">.<\/p>\n<p style=\"text-align: center;\"><img loading=\"lazy\" decoding=\"async\" class=\"aligncenter wp-image-10578\" src=\"http:\/\/categero.org.br\/wp-content\/uploads\/2016\/06\/Vassouras-Categero.jpg\" alt=\"Vassouras Categero\" width=\"341\" height=\"227\" srcset=\"https:\/\/categero.org.br\/antigo\/wp-content\/uploads\/2016\/06\/Vassouras-Categero.jpg 425w, https:\/\/categero.org.br\/antigo\/wp-content\/uploads\/2016\/06\/Vassouras-Categero-300x200.jpg 300w, https:\/\/categero.org.br\/antigo\/wp-content\/uploads\/2016\/06\/Vassouras-Categero-75x50.jpg 75w, https:\/\/categero.org.br\/antigo\/wp-content\/uploads\/2016\/06\/Vassouras-Categero-120x80.jpg 120w\" sizes=\"auto, (max-width: 341px) 100vw, 341px\" \/><\/p>\n","protected":false},"excerpt":{"rendered":"<p>Postagens de\u00a0Categer\u00f3\u00a0em Vassouras\/RJ ao final desta p\u00e1gina Em 1847, a cidade de Vassouras, na regi\u00e3o de Maca\u00e9, no Estado do Rio de Janeiro encontramos\u00a0alguns vest\u00edgios hist\u00f3ricos de uma forte e diferenciada devo\u00e7\u00e3o ao Beato Ant\u00f4nio de Categer\u00f3.\u00a0Do ponto de vista hist\u00f3rico n\u00e3o \u00e9 um evento muito antigo, pois ainda n\u00e3o faz 170 anos dos fatos. [&hellip;]<\/p>\n","protected":false},"author":1,"featured_media":10578,"parent":8865,"menu_order":0,"comment_status":"closed","ping_status":"closed","template":"","meta":{"ngg_post_thumbnail":0,"footnotes":""},"class_list":["post-10570","page","type-page","status-publish","has-post-thumbnail","hentry"],"_links":{"self":[{"href":"https:\/\/categero.org.br\/antigo\/index.php?rest_route=\/wp\/v2\/pages\/10570","targetHints":{"allow":["GET"]}}],"collection":[{"href":"https:\/\/categero.org.br\/antigo\/index.php?rest_route=\/wp\/v2\/pages"}],"about":[{"href":"https:\/\/categero.org.br\/antigo\/index.php?rest_route=\/wp\/v2\/types\/page"}],"author":[{"embeddable":true,"href":"https:\/\/categero.org.br\/antigo\/index.php?rest_route=\/wp\/v2\/users\/1"}],"replies":[{"embeddable":true,"href":"https:\/\/categero.org.br\/antigo\/index.php?rest_route=%2Fwp%2Fv2%2Fcomments&post=10570"}],"version-history":[{"count":13,"href":"https:\/\/categero.org.br\/antigo\/index.php?rest_route=\/wp\/v2\/pages\/10570\/revisions"}],"predecessor-version":[{"id":10593,"href":"https:\/\/categero.org.br\/antigo\/index.php?rest_route=\/wp\/v2\/pages\/10570\/revisions\/10593"}],"up":[{"embeddable":true,"href":"https:\/\/categero.org.br\/antigo\/index.php?rest_route=\/wp\/v2\/pages\/8865"}],"wp:featuredmedia":[{"embeddable":true,"href":"https:\/\/categero.org.br\/antigo\/index.php?rest_route=\/wp\/v2\/media\/10578"}],"wp:attachment":[{"href":"https:\/\/categero.org.br\/antigo\/index.php?rest_route=%2Fwp%2Fv2%2Fmedia&parent=10570"}],"curies":[{"name":"wp","href":"https:\/\/api.w.org\/{rel}","templated":true}]}}