{"id":10559,"date":"2016-05-31T19:28:36","date_gmt":"2016-05-31T22:28:36","guid":{"rendered":"http:\/\/categero.org.br\/?page_id=10559"},"modified":"2016-05-31T19:28:36","modified_gmt":"2016-05-31T22:28:36","slug":"rjquissama-categero-na-capela-da-fazenda-machadinha","status":"publish","type":"page","link":"https:\/\/categero.org.br\/antigo\/?page_id=10559","title":{"rendered":"RJ\/Quissam\u00e3 &#8211; Categer\u00f3 na Capela da Fazenda Machadinha"},"content":{"rendered":"<p style=\"text-align: center;\"><img loading=\"lazy\" decoding=\"async\" class=\"aligncenter wp-image-10451\" src=\"http:\/\/categero.org.br\/wp-content\/uploads\/2016\/04\/3.-Categer\u00f3-Meio-corpo-Color.jpg\" alt=\"3. Categer\u00f3 Meio corpo Color\" width=\"202\" height=\"266\" srcset=\"https:\/\/categero.org.br\/antigo\/wp-content\/uploads\/2016\/04\/3.-Categer\u00f3-Meio-corpo-Color.jpg 482w, https:\/\/categero.org.br\/antigo\/wp-content\/uploads\/2016\/04\/3.-Categer\u00f3-Meio-corpo-Color-227x300.jpg 227w\" sizes=\"auto, (max-width: 202px) 100vw, 202px\" \/><\/p>\n<p style=\"text-align: center;\"><strong>Existe Categer\u00f3 no Complexo Cultural Fazenda Machadinha<\/strong><\/p>\n<p style=\"text-align: center;\"><strong>Mapa de Cultura em Quissam\u00e3\/RJ\u00a0<\/strong><\/p>\n<p>&nbsp;<\/p>\n<p style=\"text-align: justify;\">Na hist\u00f3ria da fazenda Machadinha, tombada pelo Instituto Estadual do Patrim\u00f4nio Cultural (Inepac), em 1979, e desapropriada pelo poder p\u00fablico municipal, em 2003, ganha vida nova com a instala\u00e7\u00e3o do <img loading=\"lazy\" decoding=\"async\" class=\"size-full wp-image-10564 alignleft\" src=\"http:\/\/categero.org.br\/wp-content\/uploads\/2016\/05\/44822054.jpg\" alt=\"44822054\" width=\"240\" height=\"180\" srcset=\"https:\/\/categero.org.br\/antigo\/wp-content\/uploads\/2016\/05\/44822054.jpg 240w, https:\/\/categero.org.br\/antigo\/wp-content\/uploads\/2016\/05\/44822054-80x60.jpg 80w, https:\/\/categero.org.br\/antigo\/wp-content\/uploads\/2016\/05\/44822054-161x120.jpg 161w\" sizes=\"auto, (max-width: 240px) 100vw, 240px\" \/>Complexo Hist\u00f3rico Cultural Fazenda Machadinha, em 2009. E neste local, encontramos vest\u00edgios da exist\u00eancia devocional ao Beato Ant\u00f4nio de Categer\u00f3, bem como de uma imagem hist\u00f3rica, talvez n\u00e3o mais\u00a0existente.<\/p>\n<p style=\"text-align: justify;\">Machadinha \u00e9 uma fazenda de cana-de-a\u00e7\u00facar do s\u00e9culo XIX que pertenceu ao 2\u00ba bar\u00e3o e visconde de Urura\u00ed e \u00e0 sua esposa, Ana do Loreto, filha do duque de Caxias. \u00c9 um ambiente hist\u00f3rico tombado em car\u00e1ter definitivo pelo INEPAC, composto por uma casa grande, tr\u00eas alas de antigas senzalas, armaz\u00e9ns e a capela de Nossa Senhora do Patroc\u00ednio. A casa grande, est\u00e1bulos e armaz\u00e9ns hoje est\u00e3o em ru\u00ednas; a capela e as senzalas ainda est\u00e3o preservadas.<\/p>\n<p style=\"text-align: justify;\">Descendentes de antigos escravos ainda habitam a parte que restou das senzalas e realizam festas na<img loading=\"lazy\" decoding=\"async\" class=\"wp-image-10565 alignright\" src=\"http:\/\/categero.org.br\/wp-content\/uploads\/2016\/05\/Machadinha-Capa-do-Livro-qfalaCatgr.jpg\" alt=\"Machadinha Capa do Livro qfalaCatgr\" width=\"157\" height=\"236\" srcset=\"https:\/\/categero.org.br\/antigo\/wp-content\/uploads\/2016\/05\/Machadinha-Capa-do-Livro-qfalaCatgr.jpg 2338w, https:\/\/categero.org.br\/antigo\/wp-content\/uploads\/2016\/05\/Machadinha-Capa-do-Livro-qfalaCatgr-200x300.jpg 200w, https:\/\/categero.org.br\/antigo\/wp-content\/uploads\/2016\/05\/Machadinha-Capa-do-Livro-qfalaCatgr-768x1152.jpg 768w, https:\/\/categero.org.br\/antigo\/wp-content\/uploads\/2016\/05\/Machadinha-Capa-do-Livro-qfalaCatgr-682x1024.jpg 682w, https:\/\/categero.org.br\/antigo\/wp-content\/uploads\/2016\/05\/Machadinha-Capa-do-Livro-qfalaCatgr-495x743.jpg 495w\" sizes=\"auto, (max-width: 157px) 100vw, 157px\" \/> quais cantam o &#8220;fado&#8221;, uma forma de jongo preservada h\u00e1 s\u00e9culos.<\/p>\n<p style=\"text-align: justify;\">A fazenda Machadinha est\u00e1 localizada na Rodovia Municipal MC-67, na cidade de Quissam\u00e3, no Estado do Rio. A antiga fazenda sobrevive em um sistema de autogest\u00e3o da comunidade, que conta hoje com 47 fam\u00edlias e mais de 200 pessoas e, para o portal um s\u00edtio de busca, dos vest\u00edgios devocionais hist\u00f3ricos e, ainda atuais, bem como de imagens que possam existir, como a de um S\u00e3o Joaquim, pintado de preto, ou \u00a0outras tenham existido.<\/p>\n<p style=\"text-align: justify;\">Destacamos o livro &#8220;O fazer antropol\u00f3gico e o reconhecimento de direitos constitucionais: O caso\u00a0 das terras de quilombo no Estado do Rio de Janeiro&#8221;, organizado por Eliane Cantrino O&#8217;Dwyer&#8221;, publicado pela Editora e-papers, no ano de 2012, no Rio de Janeiro. Esta \u00e9 nossa primeira fonte de informa\u00e7\u00f5es sobre a exist\u00eancia devocional e real do Beato Ant\u00f4nio de Categer\u00f3, em Quissam\u00e3\/RJ.<\/p>\n<p style=\"text-align: center;\"><img loading=\"lazy\" decoding=\"async\" class=\"aligncenter size-full wp-image-10567\" src=\"http:\/\/categero.org.br\/wp-content\/uploads\/2016\/05\/Baner-Pag-de-Machadinha.jpg\" alt=\"# Baner Pag de Machadinha\" width=\"425\" height=\"283\" srcset=\"https:\/\/categero.org.br\/antigo\/wp-content\/uploads\/2016\/05\/Baner-Pag-de-Machadinha.jpg 425w, https:\/\/categero.org.br\/antigo\/wp-content\/uploads\/2016\/05\/Baner-Pag-de-Machadinha-300x200.jpg 300w, https:\/\/categero.org.br\/antigo\/wp-content\/uploads\/2016\/05\/Baner-Pag-de-Machadinha-75x50.jpg 75w, https:\/\/categero.org.br\/antigo\/wp-content\/uploads\/2016\/05\/Baner-Pag-de-Machadinha-120x80.jpg 120w\" sizes=\"auto, (max-width: 425px) 100vw, 425px\" \/><\/p>\n","protected":false},"excerpt":{"rendered":"<p>Existe Categer\u00f3 no Complexo Cultural Fazenda Machadinha Mapa de Cultura em Quissam\u00e3\/RJ\u00a0 &nbsp; Na hist\u00f3ria da fazenda Machadinha, tombada pelo Instituto Estadual do Patrim\u00f4nio Cultural (Inepac), em 1979, e desapropriada pelo poder p\u00fablico municipal, em 2003, ganha vida nova com a instala\u00e7\u00e3o do Complexo Hist\u00f3rico Cultural Fazenda Machadinha, em 2009. E neste local, encontramos vest\u00edgios [&hellip;]<\/p>\n","protected":false},"author":1,"featured_media":10567,"parent":8865,"menu_order":0,"comment_status":"closed","ping_status":"closed","template":"","meta":{"ngg_post_thumbnail":0,"footnotes":""},"class_list":["post-10559","page","type-page","status-publish","has-post-thumbnail","hentry"],"_links":{"self":[{"href":"https:\/\/categero.org.br\/antigo\/index.php?rest_route=\/wp\/v2\/pages\/10559","targetHints":{"allow":["GET"]}}],"collection":[{"href":"https:\/\/categero.org.br\/antigo\/index.php?rest_route=\/wp\/v2\/pages"}],"about":[{"href":"https:\/\/categero.org.br\/antigo\/index.php?rest_route=\/wp\/v2\/types\/page"}],"author":[{"embeddable":true,"href":"https:\/\/categero.org.br\/antigo\/index.php?rest_route=\/wp\/v2\/users\/1"}],"replies":[{"embeddable":true,"href":"https:\/\/categero.org.br\/antigo\/index.php?rest_route=%2Fwp%2Fv2%2Fcomments&post=10559"}],"version-history":[{"count":6,"href":"https:\/\/categero.org.br\/antigo\/index.php?rest_route=\/wp\/v2\/pages\/10559\/revisions"}],"predecessor-version":[{"id":10568,"href":"https:\/\/categero.org.br\/antigo\/index.php?rest_route=\/wp\/v2\/pages\/10559\/revisions\/10568"}],"up":[{"embeddable":true,"href":"https:\/\/categero.org.br\/antigo\/index.php?rest_route=\/wp\/v2\/pages\/8865"}],"wp:featuredmedia":[{"embeddable":true,"href":"https:\/\/categero.org.br\/antigo\/index.php?rest_route=\/wp\/v2\/media\/10567"}],"wp:attachment":[{"href":"https:\/\/categero.org.br\/antigo\/index.php?rest_route=%2Fwp%2Fv2%2Fmedia&parent=10559"}],"curies":[{"name":"wp","href":"https:\/\/api.w.org\/{rel}","templated":true}]}}