{"id":1053,"date":"2010-10-25T15:31:34","date_gmt":"2010-10-25T15:31:34","guid":{"rendered":"http:\/\/www.categero.org.br\/?page_id=1053"},"modified":"2015-09-10T14:40:07","modified_gmt":"2015-09-10T17:40:07","slug":"milho-verdemg-igreja-matriz-n%c2%aa-s%c2%aa-dos-prazeres","status":"publish","type":"page","link":"https:\/\/categero.org.br\/antigo\/?page_id=1053","title":{"rendered":"MG\/Milho Verde &#8211; Igreja Matriz N\u00aa S\u00aa dos Prazeres"},"content":{"rendered":"<h5 style=\"text-align: center;\">Agora estamos com as informa\u00e7\u00f5es corretas<\/h5>\n<p style=\"text-align: right;\"><em><strong>VEJA MAIS \u00a0 \u00a0\u00a0<a href=\"http:\/\/categero.org.br\/?p=10049\" target=\"_blank\">Not\u00edcias \u00a0desta igreja em nosso Portal<\/a><\/strong><\/em><\/p>\n<p style=\"text-align: center;\"><a href=\"http:\/\/categero.org.br\/wp-content\/uploads\/2010\/10\/Matriz-Nossa-Senhora-dos-Prazeres-Milho-Verde-Imag.jpg\"><img loading=\"lazy\" decoding=\"async\" class=\"aligncenter size-medium wp-image-9233\" src=\"http:\/\/categero.org.br\/wp-content\/uploads\/2010\/10\/Matriz-Nossa-Senhora-dos-Prazeres-Milho-Verde-Imag-300x246.jpg\" alt=\"Matriz Nossa Senhora dos Prazeres - Milho Verde - Imag\" width=\"300\" height=\"246\" srcset=\"https:\/\/categero.org.br\/antigo\/wp-content\/uploads\/2010\/10\/Matriz-Nossa-Senhora-dos-Prazeres-Milho-Verde-Imag-300x246.jpg 300w, https:\/\/categero.org.br\/antigo\/wp-content\/uploads\/2010\/10\/Matriz-Nossa-Senhora-dos-Prazeres-Milho-Verde-Imag-495x407.jpg 495w, https:\/\/categero.org.br\/antigo\/wp-content\/uploads\/2010\/10\/Matriz-Nossa-Senhora-dos-Prazeres-Milho-Verde-Imag-110x90.jpg 110w, https:\/\/categero.org.br\/antigo\/wp-content\/uploads\/2010\/10\/Matriz-Nossa-Senhora-dos-Prazeres-Milho-Verde-Imag.jpg 583w\" sizes=\"auto, (max-width: 300px) 100vw, 300px\" \/><\/a><\/p>\n<p>H\u00e1 devo\u00e7\u00e3o ao beato Ant\u00f4nio de \u00a0Categer\u00f3 na Igreja Matriz de N\u00aa S\u00aa dos Prazeres, na cidade de Milho Verde, em Minas Gerais. \u00c9 o que se depreende por terem, no ano de 1992, desse santu\u00e1rio, \u00a0sido roubadas seis (6) estatuas de santos &#8211; uma delas, a de Categer\u00f3.<\/p>\n<p>Eis o Santo Ant\u00f4nio de Catigerona \u00a0que da igreja \u00a0foi furtado (o mesmo nosso Ant\u00f4nio de Categer\u00f3).<\/p>\n<p style=\"text-align: right;\"><em><strong>VEJA MAIS \u00a0 \u00a0\u00a0<a href=\"http:\/\/categero.org.br\/?p=10049\" target=\"_blank\">Not\u00edcias \u00a0desta igreja em nosso Portal<\/a><\/strong><\/em><\/p>\n<p style=\"text-align: center;\"><a href=\"http:\/\/categero.org.br\/wp-content\/uploads\/2010\/10\/SantoMilho-Verde-desaparecido.jpg\"><img loading=\"lazy\" decoding=\"async\" class=\"aligncenter size-medium wp-image-9230\" src=\"http:\/\/categero.org.br\/wp-content\/uploads\/2010\/10\/SantoMilho-Verde-desaparecido-203x300.jpg\" alt=\"SantoMilho Verde  desaparecido\" width=\"203\" height=\"300\" srcset=\"https:\/\/categero.org.br\/antigo\/wp-content\/uploads\/2010\/10\/SantoMilho-Verde-desaparecido-203x300.jpg 203w, https:\/\/categero.org.br\/antigo\/wp-content\/uploads\/2010\/10\/SantoMilho-Verde-desaparecido.jpg 248w\" sizes=\"auto, (max-width: 203px) 100vw, 203px\" \/><\/a><\/p>\n<p>&nbsp;<\/p>\n<address>OBSERVA\u00c7\u00c3O \u00a0&#8211; \u00a0Gra\u00e7as a amiga Andr\u00e9a Neves que \u00a0em junho de 2012, ou seja, h\u00e1 mais de uma ano e meio, revendo a correspond\u00eancia de email, encontrei e comprovo que n\u00e3o tomei as devidas provid\u00eancias. \u00a0\u00a0Desculpe a descortesia amiga Andr\u00e9a. \u00a0E milho verde hoje tem uma nova p\u00e1gina elaborada em acordo com a realidade.\u00a0<\/address>\n<address><em><strong>\u00a0 \u00a0 \u00a0 \u00a0 \u00a0 \u00a0 \u00a0 \u00a0 \u00a0 \u00a0 \u00a0 \u00a0 \u00a0 \u00a0 \u00a0 \u00a0 \u00a0 \u00a0 \u00a0 \u00a0 \u00a0 \u00a0 \u00a0 \u00a0 \u00a0 \u00a0 \u00a0 \u00a0 \u00a0 \u00a0 \u00a0 \u00a0 \u00a0 \u00a0 \u00a0 \u00a0 \u00a0 \u00a0 \u00a0 \u00a0 \u00a0 \u00a0 \u00a0 \u00a0 \u00a0 \u00a0 \u00a0 \u00a0 \u00a0 \u00a0 \u00a0 \u00a0 \u00a0 \u00a0 \u00a0 \u00a0 \u00a0 \u00a0 \u00a0 \u00a0 \u00a0 \u00a0 \u00a0 \u00a0 VEJA MAIS \u00a0 \u00a0\u00a0<a href=\"http:\/\/categero.org.br\/?p=10049\" target=\"_blank\">Not\u00edcias \u00a0desta igreja em nosso Portal<\/a><\/strong><\/em><\/address>\n<address>\u00a0<\/address>\n<address><img loading=\"lazy\" decoding=\"async\" class=\"aligncenter size-medium wp-image-9234\" src=\"http:\/\/categero.org.br\/wp-content\/uploads\/2010\/10\/MG-Milho-Verde-300x149.jpg\" alt=\"MG Milho Verde\" width=\"300\" height=\"149\" srcset=\"https:\/\/categero.org.br\/antigo\/wp-content\/uploads\/2010\/10\/MG-Milho-Verde-300x149.jpg 300w, https:\/\/categero.org.br\/antigo\/wp-content\/uploads\/2010\/10\/MG-Milho-Verde.jpg 397w\" sizes=\"auto, (max-width: 300px) 100vw, 300px\" \/><\/address>\n<address>\u00a0<\/address>\n","protected":false},"excerpt":{"rendered":"<p>Agora estamos com as informa\u00e7\u00f5es corretas VEJA MAIS \u00a0 \u00a0\u00a0Not\u00edcias \u00a0desta igreja em nosso Portal H\u00e1 devo\u00e7\u00e3o ao beato Ant\u00f4nio de \u00a0Categer\u00f3 na Igreja Matriz de N\u00aa S\u00aa dos Prazeres, na cidade de Milho Verde, em Minas Gerais. \u00c9 o que se depreende por terem, no ano de 1992, desse santu\u00e1rio, \u00a0sido roubadas seis (6) [&hellip;]<\/p>\n","protected":false},"author":1,"featured_media":9234,"parent":8870,"menu_order":0,"comment_status":"closed","ping_status":"closed","template":"","meta":{"ngg_post_thumbnail":0,"footnotes":""},"class_list":["post-1053","page","type-page","status-publish","has-post-thumbnail","hentry"],"_links":{"self":[{"href":"https:\/\/categero.org.br\/antigo\/index.php?rest_route=\/wp\/v2\/pages\/1053","targetHints":{"allow":["GET"]}}],"collection":[{"href":"https:\/\/categero.org.br\/antigo\/index.php?rest_route=\/wp\/v2\/pages"}],"about":[{"href":"https:\/\/categero.org.br\/antigo\/index.php?rest_route=\/wp\/v2\/types\/page"}],"author":[{"embeddable":true,"href":"https:\/\/categero.org.br\/antigo\/index.php?rest_route=\/wp\/v2\/users\/1"}],"replies":[{"embeddable":true,"href":"https:\/\/categero.org.br\/antigo\/index.php?rest_route=%2Fwp%2Fv2%2Fcomments&post=1053"}],"version-history":[{"count":13,"href":"https:\/\/categero.org.br\/antigo\/index.php?rest_route=\/wp\/v2\/pages\/1053\/revisions"}],"predecessor-version":[{"id":10069,"href":"https:\/\/categero.org.br\/antigo\/index.php?rest_route=\/wp\/v2\/pages\/1053\/revisions\/10069"}],"up":[{"embeddable":true,"href":"https:\/\/categero.org.br\/antigo\/index.php?rest_route=\/wp\/v2\/pages\/8870"}],"wp:featuredmedia":[{"embeddable":true,"href":"https:\/\/categero.org.br\/antigo\/index.php?rest_route=\/wp\/v2\/media\/9234"}],"wp:attachment":[{"href":"https:\/\/categero.org.br\/antigo\/index.php?rest_route=%2Fwp%2Fv2%2Fmedia&parent=1053"}],"curies":[{"name":"wp","href":"https:\/\/api.w.org\/{rel}","templated":true}]}}