{"id":10264,"date":"2015-09-15T21:46:25","date_gmt":"2015-09-16T00:46:25","guid":{"rendered":"http:\/\/categero.org.br\/?page_id=10264"},"modified":"2017-05-18T17:42:39","modified_gmt":"2017-05-18T20:42:39","slug":"porto-alegrers-capelania-catolica-da-brigada-militar","status":"publish","type":"page","link":"https:\/\/categero.org.br\/antigo\/?page_id=10264","title":{"rendered":"Porto Alegre\/RS &#8211; Capelania Cat\u00f3lica da Brigada Militar"},"content":{"rendered":"<p style=\"text-align: right;\"><em><strong> VEJA MAIS &nbsp; &nbsp;<a href=\"http:\/\/categero.org.br\/?p=10253\" target=\"_blank\" rel=\"noopener noreferrer\">&nbsp;Not\u00edcias &nbsp;desta Capelania em nosso Portal<\/a><\/strong><\/em><a href=\"http:\/\/categero.org.br\/?p=10253\" target=\"_blank\" rel=\"noopener noreferrer\">&nbsp;<\/a><\/p>\n<p style=\"text-align: justify;\">A Capelania da Brigada Militar \u00e9 fundamental para o projeto de buscar a consagra\u00e7\u00e3o do Beato Ant\u00f4nio de Categer\u00f3 como Padroeiro da Seguran\u00e7a P\u00fablica brasileira. &nbsp;E temos certeza que haver\u00e1 um expa\u00e7o para o Beato na capelania.&nbsp;A p\u00e1gina do Portal da Arquidiocese de Porto Alegre, na previs\u00e3o de capelanias, no seu menu de Par\u00f3quisa, apresenta a exist\u00eancia de uma Capelania cat\u00f3lica destinada \u00e0 Brigada Militar, dentre as quatorze capelanias ali presentes e discriminadas, cada uma com sua pr\u00f3pia p\u00e1gina de dados. &nbsp;Abaixo uma c\u00f3pia da p\u00e1gina da Capelania da Brigada Militar na Arquidiocese de Porto Alegre e o nome de seu titular definido pela igreja cat\u00f3lica.<\/p>\n<p style=\"text-align: center;\"><a href=\"http:\/\/categero.org.br\/wp-content\/uploads\/2015\/09\/Capelania-da-BM-na-CuriaMetroPoa-Small.jpg\"><img loading=\"lazy\" decoding=\"async\" class=\"aligncenter wp-image-10268\" src=\"http:\/\/categero.org.br\/wp-content\/uploads\/2015\/09\/Capelania-da-BM-na-CuriaMetroPoa-Small.jpg\" alt=\"Capelania da BM na CuriaMetroPoa (Small)\" width=\"490\" height=\"392\" srcset=\"https:\/\/categero.org.br\/antigo\/wp-content\/uploads\/2015\/09\/Capelania-da-BM-na-CuriaMetroPoa-Small.jpg 600w, https:\/\/categero.org.br\/antigo\/wp-content\/uploads\/2015\/09\/Capelania-da-BM-na-CuriaMetroPoa-Small-300x240.jpg 300w, https:\/\/categero.org.br\/antigo\/wp-content\/uploads\/2015\/09\/Capelania-da-BM-na-CuriaMetroPoa-Small-495x396.jpg 495w\" sizes=\"auto, (max-width: 490px) 100vw, 490px\" \/><\/a><\/p>\n<p>O link para conferir a c\u00f3pia do documento acima:&nbsp;<a href=\"http:\/\/www.arquidiocesepoa.org.br\/pi.asp?tipo=2&amp;site=novo\" target=\"_blank\" rel=\"noopener noreferrer\">http:\/\/www.arquidiocesepoa.org.br\/pi.asp?tipo=2&amp;site=novo<\/a><\/p>\n<p style=\"text-align: center;\">&nbsp;<a href=\"http:\/\/categero.org.br\/wp-content\/uploads\/2015\/09\/DSC06861-Small.jpg\"><img loading=\"lazy\" decoding=\"async\" class=\"aligncenter wp-image-10287\" src=\"http:\/\/categero.org.br\/wp-content\/uploads\/2015\/09\/DSC06861-Small.jpg\" alt=\"DSC06861 (Small)\" width=\"328\" height=\"246\" srcset=\"https:\/\/categero.org.br\/antigo\/wp-content\/uploads\/2015\/09\/DSC06861-Small.jpg 640w, https:\/\/categero.org.br\/antigo\/wp-content\/uploads\/2015\/09\/DSC06861-Small-300x225.jpg 300w, https:\/\/categero.org.br\/antigo\/wp-content\/uploads\/2015\/09\/DSC06861-Small-495x371.jpg 495w, https:\/\/categero.org.br\/antigo\/wp-content\/uploads\/2015\/09\/DSC06861-Small-80x60.jpg 80w, https:\/\/categero.org.br\/antigo\/wp-content\/uploads\/2015\/09\/DSC06861-Small-161x120.jpg 161w\" sizes=\"auto, (max-width: 328px) 100vw, 328px\" \/><\/a><\/p>\n<p>Pe. Alexandre Chaves \u00e9 o atual Capel\u00e3o Honorifico da Brigada Militar no Estado do Rio Grande do sul. Ele \u00e9 p\u00e1roco da Par\u00f3qia S\u00e3o Luiz, na&nbsp;Rua Guilherme Alves, 574 Bairro Jardim Bot\u00e2nico<\/p>\n<p>Fone: (51)3336-1065 E-mail: <a href=\"mailto:saoluisgonzaga@arquipoa.com\">saoluisgonzaga@arquipoa.com<\/a><\/p>\n<p style=\"text-align: right;\">&nbsp;<em><strong>VEJA MAIS &nbsp; &nbsp;<a href=\"http:\/\/categero.org.br\/?p=10253\" target=\"_blank\" rel=\"noopener noreferrer\">&nbsp;Not\u00edcias &nbsp;desta <\/a><a href=\"http:\/\/categero.org.br\/?p=10253\" target=\"_blank\" rel=\"noopener noreferrer\">Capelania <\/a><a href=\"http:\/\/categero.org.br\/?p=10253\" target=\"_blank\" rel=\"noopener noreferrer\">em nosso Portal<\/a><\/strong><\/em><a href=\"http:\/\/categero.org.br\/?p=10253\" target=\"_blank\" rel=\"noopener noreferrer\">&nbsp;<\/a><\/p>\n<p style=\"text-align: center;\"><a href=\"http:\/\/categero.org.br\/wp-content\/uploads\/2015\/09\/Banner-Cepelania.jpg\"><img loading=\"lazy\" decoding=\"async\" class=\"aligncenter size-full wp-image-10249\" src=\"http:\/\/categero.org.br\/wp-content\/uploads\/2015\/09\/Banner-Cepelania.jpg\" alt=\"Banner Cepelania\" width=\"425\" height=\"283\" srcset=\"https:\/\/categero.org.br\/antigo\/wp-content\/uploads\/2015\/09\/Banner-Cepelania.jpg 425w, https:\/\/categero.org.br\/antigo\/wp-content\/uploads\/2015\/09\/Banner-Cepelania-300x199.jpg 300w, https:\/\/categero.org.br\/antigo\/wp-content\/uploads\/2015\/09\/Banner-Cepelania-75x50.jpg 75w, https:\/\/categero.org.br\/antigo\/wp-content\/uploads\/2015\/09\/Banner-Cepelania-120x80.jpg 120w\" sizes=\"auto, (max-width: 425px) 100vw, 425px\" \/><\/a><\/p>\n<p style=\"text-align: right;\"><em><strong>VEJA MAIS &nbsp; &nbsp;<a href=\"http:\/\/categero.org.br\/?p=10253\" target=\"_blank\" rel=\"noopener noreferrer\">&nbsp;Not\u00edcias &nbsp;desta <\/a><a href=\"http:\/\/categero.org.br\/?p=10253\" target=\"_blank\" rel=\"noopener noreferrer\">Capelania <\/a><a href=\"http:\/\/categero.org.br\/?p=10253\" target=\"_blank\" rel=\"noopener noreferrer\">em nosso Portal<\/a><\/strong><\/em><a href=\"http:\/\/categero.org.br\/?p=10253\" target=\"_blank\" rel=\"noopener noreferrer\">&nbsp;<\/a><\/p>\n","protected":false},"excerpt":{"rendered":"<p>VEJA MAIS &nbsp; &nbsp;&nbsp;Not\u00edcias &nbsp;desta Capelania em nosso Portal&nbsp; A Capelania da Brigada Militar \u00e9 fundamental para o projeto de buscar a consagra\u00e7\u00e3o do Beato Ant\u00f4nio de Categer\u00f3 como Padroeiro da Seguran\u00e7a P\u00fablica brasileira. &nbsp;E temos certeza que haver\u00e1 um expa\u00e7o para o Beato na capelania.&nbsp;A p\u00e1gina do Portal da Arquidiocese de Porto Alegre, na [&hellip;]<\/p>\n","protected":false},"author":1,"featured_media":10249,"parent":12333,"menu_order":0,"comment_status":"closed","ping_status":"closed","template":"","meta":{"ngg_post_thumbnail":0,"footnotes":""},"class_list":["post-10264","page","type-page","status-publish","has-post-thumbnail","hentry"],"_links":{"self":[{"href":"https:\/\/categero.org.br\/antigo\/index.php?rest_route=\/wp\/v2\/pages\/10264","targetHints":{"allow":["GET"]}}],"collection":[{"href":"https:\/\/categero.org.br\/antigo\/index.php?rest_route=\/wp\/v2\/pages"}],"about":[{"href":"https:\/\/categero.org.br\/antigo\/index.php?rest_route=\/wp\/v2\/types\/page"}],"author":[{"embeddable":true,"href":"https:\/\/categero.org.br\/antigo\/index.php?rest_route=\/wp\/v2\/users\/1"}],"replies":[{"embeddable":true,"href":"https:\/\/categero.org.br\/antigo\/index.php?rest_route=%2Fwp%2Fv2%2Fcomments&post=10264"}],"version-history":[{"count":10,"href":"https:\/\/categero.org.br\/antigo\/index.php?rest_route=\/wp\/v2\/pages\/10264\/revisions"}],"predecessor-version":[{"id":12359,"href":"https:\/\/categero.org.br\/antigo\/index.php?rest_route=\/wp\/v2\/pages\/10264\/revisions\/12359"}],"up":[{"embeddable":true,"href":"https:\/\/categero.org.br\/antigo\/index.php?rest_route=\/wp\/v2\/pages\/12333"}],"wp:featuredmedia":[{"embeddable":true,"href":"https:\/\/categero.org.br\/antigo\/index.php?rest_route=\/wp\/v2\/media\/10249"}],"wp:attachment":[{"href":"https:\/\/categero.org.br\/antigo\/index.php?rest_route=%2Fwp%2Fv2%2Fmedia&parent=10264"}],"curies":[{"name":"wp","href":"https:\/\/api.w.org\/{rel}","templated":true}]}}